{"id":4466,"date":"2015-05-21T10:22:55","date_gmt":"2015-05-21T10:22:55","guid":{"rendered":"http:\/\/www.andoaindarraeuskaraz.eus\/?page_id=4466"},"modified":"2023-02-24T07:57:35","modified_gmt":"2023-02-24T07:57:35","slug":"euskara-zerbitzua","status":"publish","type":"page","link":"https:\/\/www.andoaindarraeuskaraz.eus\/es\/euskara-zerbitzua\/","title":{"rendered":"Servicio"},"content":{"rendered":"<p><\/p>\n<div class=\"gdlr-shortcode-wrapper gdlr-row-shortcode\">\n<div class=\"six columns\">\n<div class=\"gdlr-item gdlr-column-shortcode\">\n<p style=\"margin: 0px 0px 10px;\"><strong>Responsable pol\u00edtico:<\/strong><\/p>\n<ul>\n<li><strong>Sagrario Ruiz Fernandez<\/strong>:<br \/>\npresidente de la Comisi\u00f3n para la Normalizaci\u00f3n del Euskera<\/li>\n<\/ul>\n<p style=\"margin: 0px 0px 10px;\"><strong>Trabajadoras-es municipales:<\/strong><\/p>\n<ul>\n<li><strong>Arantza Aguado<\/strong>: t\u00e9cnico de euskera.<\/li>\n<li><strong>Oihane Uitzi<\/strong>: normalizador ling\u00fc\u00edstico<\/li>\n<li><strong>Lourdes Loiarte<\/strong>: administrativa<\/li>\n<li><strong>Jon Unanue<\/strong>: traductor e int\u00e9rprete<\/li>\n<\/ul>\n<p style=\"margin: 0px 0px 10px;\"><strong>Direcci\u00f3n:<\/strong><\/p>\n<p>Urigain\u00a0etxea (1. solairua), La Salle etorb., 6<br \/>\n20140 Andoain<br \/>\nTel: 943 300 831<br \/>\ne-mail: euskarazerbitzua@andoain.eus<\/p>\n<p><iframe loading=\"lazy\" style=\"border: 0px currentColor;\" src=\"https:\/\/www.google.com\/maps\/embed?pb=!1m18!1m12!1m3!1d5815.175684715947!2d-2.0184009!3d43.2181334!2m3!1f0!2f0!3f0!3m2!1i1024!2i768!4f13.1!3m3!1m2!1s0xd51b2312a3b4005%3A0x6a2b24b4ecff4af2!2sAyuntamiento+de+Andoain!5e0!3m2!1sen!2ses!4v1435186385356\" width=\"1060\" height=\"400\" frameborder=\"0\" allowfullscreen=\"allowfullscreen\"><\/iframe><\/p>\n<\/div>\n<\/div>\n<div class=\"six columns\">\n<div class=\"gdlr-item gdlr-column-shortcode\"><div id=\"metaslider-id-4844\" style=\"max-width: 500px;\" class=\"ml-slider-3-25-2 metaslider metaslider-nivo metaslider-4844 ml-slider ms-theme-nivo-light has-dots-nav\">\n    <div id=\"metaslider_container_4844\">\n        <div class='slider-wrapper theme-default'><div class='ribbon'><\/div><div id='metaslider_4844' class='nivoSlider'><img src=\"https:\/\/www.andoaindarraeuskaraz.eus\/wp-content\/uploads\/2015\/05\/eusk_zerbitzua-457x320.jpg\" height=\"350\" width=\"500\" alt=\"\" class=\"slider-4844 slide-4845\" \/><img src=\"https:\/\/www.andoaindarraeuskaraz.eus\/wp-content\/uploads\/2015\/05\/eusk_zerbitzua2-457x320.jpg\" height=\"350\" width=\"500\" alt=\"\" class=\"slider-4844 slide-4846\" \/><\/div><\/div>\n        \n    <\/div>\n<\/div><\/div>\n<\/div>\n<div class=\"clear\"><\/div>\n<\/div>\n<div class=\"gdlr-shortcode-wrapper\">\n<div class=\"clear\"><\/div>\n<div class=\"gdlr-item gdlr-divider-item\"  >\n<div class=\"gdlr-divider solid\"  style=\"width: 50%;\" ><\/div>\n<\/div>\n<\/div>\n<p><img loading=\"lazy\" class=\"alignright size-full wp-image-4871\" style=\"margin: 0px 0px 0px 40px;\" src=\"https:\/\/www.andoaindarraeuskaraz.eus\/wp-content\/uploads\/2015\/05\/esep.png\" alt=\"esep\" width=\"400\" height=\"223\" srcset=\"https:\/\/www.andoaindarraeuskaraz.eus\/wp-content\/uploads\/2015\/05\/esep.png 400w, https:\/\/www.andoaindarraeuskaraz.eus\/wp-content\/uploads\/2015\/05\/esep-300x167.png 300w\" sizes=\"(max-width: 400px) 100vw, 400px\" \/><\/p>\n<p style=\"text-align: justify;\">El Ayuntamiento de Andoain aprob\u00f3 el 25 de junio de 2020, por unanimidad, el Plan de Uso del Euskera (ESEP) para el periodo 2020-2025. En \u00e9l se recogen las pol\u00edticas, programas y acciones que el ayuntamiento desarrollar\u00e1 en los pr\u00f3ximos seis a\u00f1os para fomentar el uso del euskera en el municipio y en su actividad. Este documento debe ser adoptado de forma abierta y flexible, de forma peri\u00f3dica, enriqueci\u00e9ndose, si fuera necesario, con las adaptaciones oportunas y las aportaciones que puedan realizar los diferentes agentes del municipio.<\/p>\n<p style=\"text-align: justify;\"><a class=\"gdlr-button medium with-border\" href=\"https:\/\/www.andoaindarraeuskaraz.eus\/wp-content\/uploads\/2021\/10\/ESEP20202025_gazt.pdf\" target=\"_self\"  style=\"color:#B9CCE1; background-color:#1D6BA9; border-color:#B9CCE1; \"  >ESEP 2020-2025<\/a><\/p>\n<p><\/p>","protected":false},"excerpt":{"rendered":"<p>El Ayuntamiento de Andoain aprob\u00f3 el 25 de junio de 2020, por unanimidad, el Plan de Uso del Euskera (ESEP) para el periodo 2020-2025. En \u00e9l se recogen las pol\u00edticas, programas y acciones que el ayuntamiento desarrollar\u00e1 en los pr\u00f3ximos seis a\u00f1os para fomentar el uso del euskera en el municipio y en su actividad&#8230;. <\/p>\n<div class=\"clear\"><\/div>\n<p><a href=\"https:\/\/www.andoaindarraeuskaraz.eus\/es\/euskara-zerbitzua\/\" class=\"excerpt-read-more\">Read More<i class=\"fa fa-caret-right icon-caret-right\"><\/i><\/a><\/p>\n","protected":false},"author":1,"featured_media":0,"parent":0,"menu_order":5,"comment_status":"closed","ping_status":"open","template":"","meta":[],"_links":{"self":[{"href":"https:\/\/www.andoaindarraeuskaraz.eus\/es\/wp-json\/wp\/v2\/pages\/4466"}],"collection":[{"href":"https:\/\/www.andoaindarraeuskaraz.eus\/es\/wp-json\/wp\/v2\/pages"}],"about":[{"href":"https:\/\/www.andoaindarraeuskaraz.eus\/es\/wp-json\/wp\/v2\/types\/page"}],"author":[{"embeddable":true,"href":"https:\/\/www.andoaindarraeuskaraz.eus\/es\/wp-json\/wp\/v2\/users\/1"}],"replies":[{"embeddable":true,"href":"https:\/\/www.andoaindarraeuskaraz.eus\/es\/wp-json\/wp\/v2\/comments?post=4466"}],"version-history":[{"count":11,"href":"https:\/\/www.andoaindarraeuskaraz.eus\/es\/wp-json\/wp\/v2\/pages\/4466\/revisions"}],"predecessor-version":[{"id":9454,"href":"https:\/\/www.andoaindarraeuskaraz.eus\/es\/wp-json\/wp\/v2\/pages\/4466\/revisions\/9454"}],"wp:attachment":[{"href":"https:\/\/www.andoaindarraeuskaraz.eus\/es\/wp-json\/wp\/v2\/media?parent=4466"}],"curies":[{"name":"wp","href":"https:\/\/api.w.org\/{rel}","templated":true}]}}