{"id":4485,"date":"2015-05-21T12:52:35","date_gmt":"2015-05-21T12:52:35","guid":{"rendered":"http:\/\/www.andoaindarraeuskaraz.eus\/?page_id=4485"},"modified":"2026-02-23T13:45:44","modified_gmt":"2026-02-23T13:45:44","slug":"dirulaguntzak","status":"publish","type":"page","link":"https:\/\/www.andoaindarraeuskaraz.eus\/es\/ayudas-economicas\/","title":{"rendered":"Ayudas econ\u00f3micas"},"content":{"rendered":"<p><em><u><a href=\"https:\/\/www.andoaindarraeuskaraz.eus\/wp-content\/uploads\/2025\/05\/ORDENANTZA_2025_01_16.pdf\"><span style=\"color: #0000ff;\"><strong>ORDENANZA <\/strong><\/span><\/a>espec\u00edfica reguladora de las ayudas econ\u00f3micas para actividades de fomento del euskera en Andoain<\/u>, aprobada, con car\u00e1cter inicial, por el Pleno Municipal en sesi\u00f3n ordinaria celebrada el d\u00eda 22 de julio de 2022, publicada en el Bolet\u00edn Oficial de Gipuzkoa el 29 de septiembre de 2022, y posteriormente modificada en dos ocasiones, 07.10.2024 y 16.01.2025.<\/em><\/p>\n<p>Cada a\u00f1o se aprobar\u00e1 la convocatoria correspondiente a cada tipo de ayuda.<\/p>\n<h4>CONVOCATORIAS 2025 y 2026<\/h4>\n<ul class=\"menu_interior\">\n<li><a href=\"https:\/\/www.andoaindarraeuskaraz.eus\/es\/ayudas-economicas\/aprender-euskera\/\">Aprendizaje y mejora del euskera<\/a><\/li>\n<li><a href=\"https:\/\/www.andoaindarraeuskaraz.eus\/wp-content\/uploads\/2025\/05\/GAO25_04_23-Beste_dirulaguntzak.pdf\">Para actividades de fomento del euskera:\u00a0<\/a>\n<ul class=\"menu_interior\">\n<li><a href=\"https:\/\/www.andoaindarraeuskaraz.eus\/es\/ayudas-economicas\/cursos-de-monitor-de-tiempo-libre\/\">Para la realizaci\u00f3n de cursos para la obtenci\u00f3n del t\u00edtulo de monitor\/a y director\/a de tiempo libre y formaci\u00f3n espec\u00edfica de edudadores\/as.<\/a><\/li>\n<li><a href=\"https:\/\/www.andoaindarraeuskaraz.eus\/es\/ayudas-economicas\/cursos-de-verano-en-la-ueu\/\">Para cursos de verano de nivel universitario organizados por organismos oficiales.<\/a><\/li>\n<li><a href=\"https:\/\/www.andoaindarraeuskaraz.eus\/es\/ayudas-economicas\/comercio\/\">Establecimientos comerciales, de hosteler\u00eda y empresas<\/a>\n<ul class=\"menu_interior\">\n<li><a href=\"https:\/\/www.andoaindarraeuskaraz.eus\/es\/ayudas-economicas\/comercio\/\">Paisaje ling\u00fc\u00edstico exterior e interior en euskera<\/a><\/li>\n<li><a href=\"https:\/\/www.andoaindarraeuskaraz.eus\/es\/ayudas-economicas\/comercio\/\">P\u00e1ginas web y programas inform\u00e1ticos<\/a><\/li>\n<\/ul>\n<\/li>\n<li><a href=\"https:\/\/www.andoaindarraeuskaraz.eus\/es\/ayudas-economicas\/para-entidades-supramunicipales\/\">Para entidades que promuevan el euskera en \u00e1mbitos supramunicipales.<\/a><\/li>\n<\/ul>\n<\/li>\n<\/ul>\n<p><\/p>","protected":false},"excerpt":{"rendered":"<p>ORDENANZA espec\u00edfica reguladora de las ayudas econ\u00f3micas para actividades de fomento del euskera en Andoain, aprobada, con car\u00e1cter inicial, por el Pleno Municipal en sesi\u00f3n ordinaria celebrada el d\u00eda 22 de julio de 2022, publicada en el Bolet\u00edn Oficial de Gipuzkoa el 29 de septiembre de 2022, y posteriormente modificada en dos ocasiones, 07.10.2024 y&#8230; <\/p>\n<div class=\"clear\"><\/div>\n<p><a href=\"https:\/\/www.andoaindarraeuskaraz.eus\/es\/ayudas-economicas\/\" class=\"excerpt-read-more\">Read More<i class=\"fa fa-caret-right icon-caret-right\"><\/i><\/a><\/p>\n","protected":false},"author":1,"featured_media":0,"parent":0,"menu_order":9,"comment_status":"closed","ping_status":"open","template":"","meta":[],"_links":{"self":[{"href":"https:\/\/www.andoaindarraeuskaraz.eus\/es\/wp-json\/wp\/v2\/pages\/4485"}],"collection":[{"href":"https:\/\/www.andoaindarraeuskaraz.eus\/es\/wp-json\/wp\/v2\/pages"}],"about":[{"href":"https:\/\/www.andoaindarraeuskaraz.eus\/es\/wp-json\/wp\/v2\/types\/page"}],"author":[{"embeddable":true,"href":"https:\/\/www.andoaindarraeuskaraz.eus\/es\/wp-json\/wp\/v2\/users\/1"}],"replies":[{"embeddable":true,"href":"https:\/\/www.andoaindarraeuskaraz.eus\/es\/wp-json\/wp\/v2\/comments?post=4485"}],"version-history":[{"count":10,"href":"https:\/\/www.andoaindarraeuskaraz.eus\/es\/wp-json\/wp\/v2\/pages\/4485\/revisions"}],"predecessor-version":[{"id":10676,"href":"https:\/\/www.andoaindarraeuskaraz.eus\/es\/wp-json\/wp\/v2\/pages\/4485\/revisions\/10676"}],"wp:attachment":[{"href":"https:\/\/www.andoaindarraeuskaraz.eus\/es\/wp-json\/wp\/v2\/media?parent=4485"}],"curies":[{"name":"wp","href":"https:\/\/api.w.org\/{rel}","templated":true}]}}