{"id":4563,"date":"2015-05-21T22:18:00","date_gmt":"2015-05-21T22:18:00","guid":{"rendered":"http:\/\/www.andoaindarraeuskaraz.eus\/?page_id=4563"},"modified":"2024-10-14T10:12:13","modified_gmt":"2024-10-14T10:12:13","slug":"ongi-etorri-gazte","status":"publish","type":"page","link":"https:\/\/www.andoaindarraeuskaraz.eus\/es\/ninos-y-jovenes\/ongi-etorri-gazte\/","title":{"rendered":"Ongi etorri, gazte!"},"content":{"rendered":"<p><\/p>\n<h3 class=\"gdlr-heading-shortcode with-background \"  style=\"color: #ffffff;background-color: #B00A18;font-size: 32px;font-weight: bold;\" >Ongi etorri, gazte! es un espacio l\u00fadico que da a conocer la lengua y cultura vascas a ni\u00f1as, ni\u00f1os y adolescentes de Andoain <\/h3>\n<p><a href=\"https:\/\/www.andoaindarraeuskaraz.eus\/wp-content\/uploads\/2024\/10\/kartela-2024_25.jpg\"><img loading=\"lazy\" class=\"alignright wp-image-10203\" src=\"https:\/\/www.andoaindarraeuskaraz.eus\/wp-content\/uploads\/2024\/10\/kartela-2024_25.jpg\" alt=\"\" width=\"417\" height=\"596\" srcset=\"https:\/\/www.andoaindarraeuskaraz.eus\/wp-content\/uploads\/2024\/10\/kartela-2024_25.jpg 583w, https:\/\/www.andoaindarraeuskaraz.eus\/wp-content\/uploads\/2024\/10\/kartela-2024_25-210x300.jpg 210w\" sizes=\"(max-width: 417px) 100vw, 417px\" \/><\/a><\/p>\n<p>Las ni\u00f1as, ni\u00f1os y adolescentes tendr\u00e1n la oportunidad de conocer el euskera y la cultura vasca a trav\u00e9s de diferentes din\u00e1micas y juegos en las sesiones de Ongi etorri Gazte!. Desde la interculturalidad y la diversidad, se transmitir\u00e1 que el euskera es una lengua viva y una herramienta \u00fatil para las relaciones humanas.<\/p>\n<h3 class=\"gdlr-heading-shortcode \"  style=\"color: #007024;font-size: 32px;font-weight: bold;\" >\u00bfPara qui\u00e9n?<\/h3>\n<p>Para ni\u00f1as, ni\u00f1os y adolescentes de entre 10-16 a\u00f1os cuyas familias son de origen fuera del Pa\u00eds Vasco.<\/p>\n<h3 class=\"gdlr-heading-shortcode \"  style=\"color: #B00A18;font-size: 32px;font-weight: bold;\" >\u00bfCu\u00e1ndo y d\u00f3nde?<\/h3>\n<ul>\n<li>En el Gazte Lokala de Andoain (Pio Baroja, 1 bajo)<\/li>\n<li>Lunes, a partir de las 16:45 y martes, a partir de las 17:00<\/li>\n<li>Gratuito.<\/li>\n<\/ul>\n<h3 class=\"gdlr-heading-shortcode \"  style=\"color: #007024;font-size: 32px;font-weight: bold;\" >Inscripciones e informaci\u00f3n <\/h3>\n<p>En el los centros escolares de Andoain, en el Servicio de Euskera del Ayuntamiento (943 300 831) o en el correo <strong><span style=\"color: #0000ff;\">ongietorrigazte@gmail.com<\/span><\/strong>.<\/p>\n<p><a class=\"gdlr-button medium\" href=\"https:\/\/www.andoaindarraeuskaraz.eus\/wp-content\/uploads\/2024\/10\/Eskuorriatestua.pdf\" target=\"_blank\"  style=\"color:#ffffff; background-color:#000000; \"  >Folleto<\/a><\/p>","protected":false},"excerpt":{"rendered":"<p>Las ni\u00f1as, ni\u00f1os y adolescentes tendr\u00e1n la oportunidad de conocer el euskera y la cultura vasca a trav\u00e9s de diferentes din\u00e1micas y juegos en las sesiones de Ongi etorri Gazte!. Desde la interculturalidad y la diversidad, se transmitir\u00e1 que el euskera es una lengua viva y una herramienta \u00fatil para las relaciones humanas. Para ni\u00f1as,&#8230; <\/p>\n<div class=\"clear\"><\/div>\n<p><a href=\"https:\/\/www.andoaindarraeuskaraz.eus\/es\/ninos-y-jovenes\/ongi-etorri-gazte\/\" class=\"excerpt-read-more\">Read More<i class=\"fa fa-caret-right icon-caret-right\"><\/i><\/a><\/p>\n","protected":false},"author":1,"featured_media":10203,"parent":4468,"menu_order":9,"comment_status":"closed","ping_status":"open","template":"","meta":[],"_links":{"self":[{"href":"https:\/\/www.andoaindarraeuskaraz.eus\/es\/wp-json\/wp\/v2\/pages\/4563"}],"collection":[{"href":"https:\/\/www.andoaindarraeuskaraz.eus\/es\/wp-json\/wp\/v2\/pages"}],"about":[{"href":"https:\/\/www.andoaindarraeuskaraz.eus\/es\/wp-json\/wp\/v2\/types\/page"}],"author":[{"embeddable":true,"href":"https:\/\/www.andoaindarraeuskaraz.eus\/es\/wp-json\/wp\/v2\/users\/1"}],"replies":[{"embeddable":true,"href":"https:\/\/www.andoaindarraeuskaraz.eus\/es\/wp-json\/wp\/v2\/comments?post=4563"}],"version-history":[{"count":11,"href":"https:\/\/www.andoaindarraeuskaraz.eus\/es\/wp-json\/wp\/v2\/pages\/4563\/revisions"}],"predecessor-version":[{"id":10206,"href":"https:\/\/www.andoaindarraeuskaraz.eus\/es\/wp-json\/wp\/v2\/pages\/4563\/revisions\/10206"}],"up":[{"embeddable":true,"href":"https:\/\/www.andoaindarraeuskaraz.eus\/es\/wp-json\/wp\/v2\/pages\/4468"}],"wp:featuredmedia":[{"embeddable":true,"href":"https:\/\/www.andoaindarraeuskaraz.eus\/es\/wp-json\/wp\/v2\/media\/10203"}],"wp:attachment":[{"href":"https:\/\/www.andoaindarraeuskaraz.eus\/es\/wp-json\/wp\/v2\/media?parent=4563"}],"curies":[{"name":"wp","href":"https:\/\/api.w.org\/{rel}","templated":true}]}}