{"id":4636,"date":"2015-05-21T23:30:18","date_gmt":"2015-05-21T23:30:18","guid":{"rendered":"http:\/\/www.andoaindarraeuskaraz.eus\/?page_id=4636"},"modified":"2021-03-08T13:19:13","modified_gmt":"2021-03-08T13:19:13","slug":"catalogo-de-productos-en-euskera","status":"publish","type":"page","link":"https:\/\/www.andoaindarraeuskaraz.eus\/es\/familias\/catalogo-de-productos-en-euskera\/","title":{"rendered":"Cat\u00e1logo de productos en euskera"},"content":{"rendered":"<p><a href=\"https:\/\/www.andoaindarraeuskaraz.eus\/wp-content\/uploads\/2015\/05\/KATALOGOA.jpg\"><img loading=\"lazy\" width=\"300\" height=\"152\" class=\"alignnone size-medium wp-image-8331\" alt=\"\" src=\"https:\/\/www.andoaindarraeuskaraz.eus\/wp-content\/uploads\/2015\/05\/KATALOGOA-300x152.jpg\" srcset=\"https:\/\/www.andoaindarraeuskaraz.eus\/wp-content\/uploads\/2015\/05\/KATALOGOA-300x152.jpg 300w, https:\/\/www.andoaindarraeuskaraz.eus\/wp-content\/uploads\/2015\/05\/KATALOGOA-768x389.jpg 768w, https:\/\/www.andoaindarraeuskaraz.eus\/wp-content\/uploads\/2015\/05\/KATALOGOA-1024x519.jpg 1024w, https:\/\/www.andoaindarraeuskaraz.eus\/wp-content\/uploads\/2015\/05\/KATALOGOA.jpg 1171w\" sizes=\"(max-width: 300px) 100vw, 300px\" \/><\/a><\/p>\n<p>El Cat\u00e1logo de Productos en Euskera se reparte hoy en d\u00eda en m\u00e1s de 200 municipios de EH.<\/p>\n<p>En este cat\u00e1logo se ofrece informaci\u00f3n acerca de muchos productos culturales para ni\u00f1as-os y j\u00f3venes hasta los 16 a\u00f1os. Dichos productos aparecen clasificados en ocho apartados: revistas, m\u00fasica, libros, comics, inform\u00e1tica, juguetes y juegos, pel\u00edculas y material para familias.<\/p>\n<p>Se de referencia detallada de la mayor\u00eda de productos: nombre e imagen, autora-or, edad recomendada, editorial y precio orientativo. Adem\u00e1s ahora hay un apartado especial para los productos destinados a <strong>j\u00f3venes de entre 12 y 16 a\u00f1os: GAZTEAK.<\/strong><\/p>\n<p>El cat\u00e1logo se distribuye en dos soportes: una edici\u00f3n en papel, con m\u00e1s de 130.000 ejemplares repartidos, y que, en el caso de Buruntzaldea, se reparte a trav\u00e9s de los centros escolares antes de navidad. Por otro lado est\u00e1 la versi\u00f3n digital,&nbsp; <strong><span style=\"color: rgb(0, 0, 255);\"><a style=\"color: rgb(0, 0, 255);\" href=\"http:\/\/www.katalogoa.eus\/\">www.katalogoa.eus<\/a><\/span><\/strong>. A trav\u00e9s de internet, adem\u00e1s de consultar la edici\u00f3n en papel, tambi\u00e9n se ofrecen muchos otros producots y los enlaces correspondientes para obtener m\u00e1s informaci\u00f3n. Se renueva continuamente y ofrece la oportunidad de realizar consultas a lo largo de todo el a\u00f1o.<\/p>\n<h4><a href=\"https:\/\/www.katalogoa.eus\/fitxategiak\/dokumentuak\/pdfak\/katalogoa_osoa_2020-2021_bajan-2.pdf\">PDF formatoan<\/a><\/h4>\n<p><a class=\"gdlr-button medium\" href=\"http:\/\/www.katalogoa.eus\/\" target=\"_blank\"  style=\"color:#ffffff; background-color:#000000; \"  >KATALOGOA<\/a><\/p>\n<h3><strong>BOLET\u00cdN<\/strong><\/h3>\n<p>Puedes suscribirte al bolet\u00edn del cat\u00e1logo, y a medida que se va renovando, recibir\u00e1s dicho bolet\u00edn en tu correo electr\u00f3nico a lo largo del a\u00f1o (7-8 boletines).<\/p>\n<p><a class=\"gdlr-button medium\" href=\"http:\/\/www.katalogoa.eus\/buletina\" target=\"_blank\"  style=\"color:#ffffff; background-color:#000000; \"  >PARA RECIBIR EL BOLET\u00cdN<\/a><\/p>","protected":false},"excerpt":{"rendered":"<p>El Cat\u00e1logo de Productos en Euskera se reparte hoy en d\u00eda en m\u00e1s de 200 municipios de EH. En este cat\u00e1logo se ofrece informaci\u00f3n acerca de muchos productos culturales para ni\u00f1as-os y j\u00f3venes hasta los 16 a\u00f1os. Dichos productos aparecen clasificados en ocho apartados: revistas, m\u00fasica, libros, comics, inform\u00e1tica, juguetes y juegos, pel\u00edculas y material&#8230; <\/p>\n<div class=\"clear\"><\/div>\n<p><a href=\"https:\/\/www.andoaindarraeuskaraz.eus\/es\/familias\/catalogo-de-productos-en-euskera\/\" class=\"excerpt-read-more\">Read More<i class=\"fa fa-caret-right icon-caret-right\"><\/i><\/a><\/p>\n","protected":false},"author":1,"featured_media":0,"parent":4470,"menu_order":3,"comment_status":"closed","ping_status":"open","template":"","meta":[],"_links":{"self":[{"href":"https:\/\/www.andoaindarraeuskaraz.eus\/es\/wp-json\/wp\/v2\/pages\/4636"}],"collection":[{"href":"https:\/\/www.andoaindarraeuskaraz.eus\/es\/wp-json\/wp\/v2\/pages"}],"about":[{"href":"https:\/\/www.andoaindarraeuskaraz.eus\/es\/wp-json\/wp\/v2\/types\/page"}],"author":[{"embeddable":true,"href":"https:\/\/www.andoaindarraeuskaraz.eus\/es\/wp-json\/wp\/v2\/users\/1"}],"replies":[{"embeddable":true,"href":"https:\/\/www.andoaindarraeuskaraz.eus\/es\/wp-json\/wp\/v2\/comments?post=4636"}],"version-history":[{"count":15,"href":"https:\/\/www.andoaindarraeuskaraz.eus\/es\/wp-json\/wp\/v2\/pages\/4636\/revisions"}],"predecessor-version":[{"id":8332,"href":"https:\/\/www.andoaindarraeuskaraz.eus\/es\/wp-json\/wp\/v2\/pages\/4636\/revisions\/8332"}],"up":[{"embeddable":true,"href":"https:\/\/www.andoaindarraeuskaraz.eus\/es\/wp-json\/wp\/v2\/pages\/4470"}],"wp:attachment":[{"href":"https:\/\/www.andoaindarraeuskaraz.eus\/es\/wp-json\/wp\/v2\/media?parent=4636"}],"curies":[{"name":"wp","href":"https:\/\/api.w.org\/{rel}","templated":true}]}}