{"id":4691,"date":"2015-05-24T10:11:21","date_gmt":"2015-05-24T10:11:21","guid":{"rendered":"http:\/\/www.andoaindarraeuskaraz.eus\/?page_id=4691"},"modified":"2015-07-17T11:26:11","modified_gmt":"2015-07-17T11:26:11","slug":"charlas-cursos-y-talleres","status":"publish","type":"page","link":"https:\/\/www.andoaindarraeuskaraz.eus\/es\/familias\/charlas-cursos-y-talleres\/","title":{"rendered":"Charlas, cursos y talleres"},"content":{"rendered":"<p><\/p>\n<div class=\"cursos-charlas\">\n<h2>Cursos de canciones y juegos<\/h2>\n<p><img loading=\"lazy\" width=\"383\" height=\"244\" class=\"alignleft size-full wp-image-4697\" src=\"https:\/\/www.andoaindarraeuskaraz.eus\/wp-content\/uploads\/2015\/05\/kantu_eta_jolas.jpg\" alt=\"\" srcset=\"https:\/\/www.andoaindarraeuskaraz.eus\/wp-content\/uploads\/2015\/05\/kantu_eta_jolas.jpg 383w, https:\/\/www.andoaindarraeuskaraz.eus\/wp-content\/uploads\/2015\/05\/kantu_eta_jolas-300x191.jpg 300w\" sizes=\"(max-width: 383px) 100vw, 383px\" \/><\/p>\n<p>Es un curso de corta duraci\u00f3n, entre 6 y 9 horas, cuya finalidad es aprender a jugar en casa con las-os ni\u00f1as-os en euskera. Toman parte en estos cursos tanto madres y padres vascoparlantes como castellanoparlantes. Se hace la oferta desde los mismos colegios y se imparten tambi\u00e9n en ellos.<\/p>\n<p>Estos \u00faltimos a\u00f1os han sido las asociaciones <strong>Urtxintxa<\/strong> y <strong>Ttakun<\/strong> las encargadas de impartir estos cursos.<\/p>\n<p><a class=\"gdlr-button medium\" href=\"http:\/\/www.urtxintxa.org\" target=\"_blank\"  style=\"color:#ffffff; background-color:#1D6BA9; \"  >www.urtxintxa.org<\/a> <a class=\"gdlr-button medium\" href=\"http:\/\/www.ttakun.com\/\" target=\"_blank\"  style=\"color:#ffffff; \"  >www.ttakun.com<\/a><\/p>\n<\/div>\n<div class=\"cursos-charlas\">\n<h2>Curso de cuentos<\/h2>\n<p><img class=\"alignleft size-full wp-image-4697\" src=\"https:\/\/www.andoaindarraeuskaraz.eus\/wp-content\/uploads\/2015\/05\/ipuinen_ikastaroa.jpg\" alt=\"\" \/><\/p>\n<p>El objeto de estos cursos es aprender a contar a las-os ni\u00f1as-os cuentos en euskera, y asimismo iniciarse en la creaci\u00f3n de nuevos cuentos en euskera. Su duraci\u00f3n est\u00e1 entre 6 y 9 horas, y est\u00e1n dirigidos a madres y padres vascoparlantes. Se hace la oferta desde los mismos colegios y se imparten tambi\u00e9n en ellos.<\/p>\n<p>Estos \u00faltimos cursos <strong>Beatriz Emezabal, <\/strong>de la empresa Kontukantoi se ha venido encargando de la impartici\u00f3n de estos cursos.<\/p>\n<p><a class=\"gdlr-button medium\" href=\"http:\/\/www.kontukantoi.com\/\" target=\"_blank\"  style=\"color:#ffffff; background-color:#1D6BA9; \"  >www.kontukantoi.org<\/a><\/p>\n<\/div>\n<div class=\"cursos-charlas\">\n<h2>Charlas para madres y padres<\/h2>\n<p><img class=\"alignleft size-full wp-image-4697\" src=\"https:\/\/www.andoaindarraeuskaraz.eus\/wp-content\/uploads\/2015\/05\/gurasoentzat_hitzaldiak.jpg\" alt=\"\" \/><\/p>\n<p>El tema de estas charlas es informar acerca de la importancia que tienen tanto escuela como familia en la transmisi\u00f3n del euskera. Se imparten tanto en castellano como en euskera, en las mismas instalaciones de los colegios. bertan.<\/p>\n<p>Entre otras-os especialistas, hemos tenido la colaboraci\u00f3n de <strong>Paula Kasares<\/strong> y de <a href=\"http:\/\/www.ebete.org\/html\/gurasoentzako_formazioa.html\"><strong>I\u00f1aki Eizmendik<\/strong><\/a>.<\/p>\n<\/div>\n<p><\/p>","protected":false},"excerpt":{"rendered":"<p>Cursos de canciones y juegos Es un curso de corta duraci\u00f3n, entre 6 y 9 horas, cuya finalidad es aprender a jugar en casa con las-os ni\u00f1as-os en euskera. Toman parte en estos cursos tanto madres y padres vascoparlantes como castellanoparlantes. Se hace la oferta desde los mismos colegios y se imparten tambi\u00e9n en ellos&#8230;. <\/p>\n<div class=\"clear\"><\/div>\n<p><a href=\"https:\/\/www.andoaindarraeuskaraz.eus\/es\/familias\/charlas-cursos-y-talleres\/\" class=\"excerpt-read-more\">Read More<i class=\"fa fa-caret-right icon-caret-right\"><\/i><\/a><\/p>\n","protected":false},"author":1,"featured_media":0,"parent":4470,"menu_order":0,"comment_status":"closed","ping_status":"open","template":"","meta":[],"_links":{"self":[{"href":"https:\/\/www.andoaindarraeuskaraz.eus\/es\/wp-json\/wp\/v2\/pages\/4691"}],"collection":[{"href":"https:\/\/www.andoaindarraeuskaraz.eus\/es\/wp-json\/wp\/v2\/pages"}],"about":[{"href":"https:\/\/www.andoaindarraeuskaraz.eus\/es\/wp-json\/wp\/v2\/types\/page"}],"author":[{"embeddable":true,"href":"https:\/\/www.andoaindarraeuskaraz.eus\/es\/wp-json\/wp\/v2\/users\/1"}],"replies":[{"embeddable":true,"href":"https:\/\/www.andoaindarraeuskaraz.eus\/es\/wp-json\/wp\/v2\/comments?post=4691"}],"version-history":[{"count":14,"href":"https:\/\/www.andoaindarraeuskaraz.eus\/es\/wp-json\/wp\/v2\/pages\/4691\/revisions"}],"predecessor-version":[{"id":5357,"href":"https:\/\/www.andoaindarraeuskaraz.eus\/es\/wp-json\/wp\/v2\/pages\/4691\/revisions\/5357"}],"up":[{"embeddable":true,"href":"https:\/\/www.andoaindarraeuskaraz.eus\/es\/wp-json\/wp\/v2\/pages\/4470"}],"wp:attachment":[{"href":"https:\/\/www.andoaindarraeuskaraz.eus\/es\/wp-json\/wp\/v2\/media?parent=4691"}],"curies":[{"name":"wp","href":"https:\/\/api.w.org\/{rel}","templated":true}]}}