{"id":4708,"date":"2015-05-24T10:40:15","date_gmt":"2015-05-24T10:40:15","guid":{"rendered":"http:\/\/www.andoaindarraeuskaraz.eus\/?page_id=4708"},"modified":"2021-03-10T13:57:37","modified_gmt":"2021-03-10T13:57:37","slug":"deporte-escolar","status":"publish","type":"page","link":"https:\/\/www.andoaindarraeuskaraz.eus\/es\/deporte-en-euskera\/deporte-escolar\/","title":{"rendered":"Deporte escolar"},"content":{"rendered":"<p><\/p>\n<h2>Uso del euskera en el deporte escolar<\/h2>\n<p><img loading=\"lazy\" width=\"900\" height=\"400\" class=\"alignnone size-full wp-image-4712\" style=\"widht: 100%;\" alt=\"eskolar_kirola\" src=\"https:\/\/www.andoaindarraeuskaraz.eus\/wp-content\/uploads\/2015\/05\/eskolar_kirola.jpg\" srcset=\"https:\/\/www.andoaindarraeuskaraz.eus\/wp-content\/uploads\/2015\/05\/eskolar_kirola.jpg 900w, https:\/\/www.andoaindarraeuskaraz.eus\/wp-content\/uploads\/2015\/05\/eskolar_kirola-300x133.jpg 300w\" sizes=\"(max-width: 900px) 100vw, 900px\" \/><\/p>\n<div class=\"gdlr-shortcode-wrapper gdlr-row-shortcode\">\n<div class=\"six columns\">\n<div class=\"gdlr-item gdlr-column-shortcode\">Las-os expertas-os coinciden al afirmar que para alcanzar un nivel de euskera adecuado es imprescindible que en las actividades de ocio y fuera del \u00e1mbito escolar contin\u00faen emple\u00e1ndolo (deportes, con las-os amigas-os\u2026). Por lo tanto, todos los estamentos que conformamos el deporte escolar (Diputaci\u00f3n, Ayuntamiento, colegios, madres, padres\u2026) coincidimos en que uno de los objetivos a lograr es que el deporte escolar se practique en euskera.<\/p>\n<p>La totalidad de las-os deportistas que actualmente practican el deporte escolar en nuestra comarca son capaces de realizarlo en euskera, adem\u00e1s del 80% de las-os monitoras-es (y l\u00f3gicamente se desea mejorar ese porcentaje). Las-os alumnas-os inmigrantes encuentran en este contexto un marco inmejorable para reforzar su dominio del euskera y su integraci\u00f3n. <\/p><\/div>\n<\/div>\n<div class=\"six columns\">\n<div class=\"gdlr-item gdlr-column-shortcode\">A todas-os las-os ni\u00f1as-os les resulta beneficioso practicar euskera, pero sobre todo a quienes solo lo escuchan en el colegio y no en sus hogares. Si una\/un ni\u00f1a-o s\u00f3lo emplea el euskera en el aula, al a\u00f1o s\u00f3lo tendr\u00e1 contacto con \u00e9l durante el 14% de las horas que permanece despierta-o. Tiempo evidentemente insuficiente para alcanzar un nivel adecuado.<\/p>\n<p>Para paliar esta situaci\u00f3n se cre\u00f3 el programa Kirola euskaraz, el cualestamos llevando a cabo las instituciones y los miembros que formamos parte del deporte escolar. Todos podemos ayudar, tambi\u00e9n las madres y los padres, solicitando que las actividades sean en euskera, al dirigirse en euskera a la\/al entrenadora\/or, al animar a las-os ni\u00f1as-os en los partidos&#8230;<\/p>\n<p><strong>Depende y es tarea de todas-os<\/strong>.<\/div>\n<\/div>\n<div class=\"clear\"><\/div>\n<\/div>\n<p>El <a href=\"https:\/\/www.andoaindarraeuskaraz.eus\/wp-content\/uploads\/2015\/07\/Eskola-Kirola-euskaraz.pdf\"><span style=\"color: rgb(0, 0, 255);\">manual<\/span> <\/a>que se reparte entre las madres y padres de las-os participantes en Deporte Escolar<\/p>\n<p><a href=\"https:\/\/www.gipuzkoa.eus\/eu\/web\/kirolak\/eskolakirola\"><span style=\"color: rgb(51, 153, 102);\">P\u00e1gina web de la Diputaci\u00f3n Foral de Gipuzkoa <\/span><\/a><\/p>","protected":false},"excerpt":{"rendered":"<p>Uso del euskera en el deporte escolar El manual que se reparte entre las madres y padres de las-os participantes en Deporte Escolar P\u00e1gina web de la Diputaci\u00f3n Foral de Gipuzkoa<\/p>\n","protected":false},"author":1,"featured_media":0,"parent":4472,"menu_order":0,"comment_status":"closed","ping_status":"open","template":"","meta":[],"_links":{"self":[{"href":"https:\/\/www.andoaindarraeuskaraz.eus\/es\/wp-json\/wp\/v2\/pages\/4708"}],"collection":[{"href":"https:\/\/www.andoaindarraeuskaraz.eus\/es\/wp-json\/wp\/v2\/pages"}],"about":[{"href":"https:\/\/www.andoaindarraeuskaraz.eus\/es\/wp-json\/wp\/v2\/types\/page"}],"author":[{"embeddable":true,"href":"https:\/\/www.andoaindarraeuskaraz.eus\/es\/wp-json\/wp\/v2\/users\/1"}],"replies":[{"embeddable":true,"href":"https:\/\/www.andoaindarraeuskaraz.eus\/es\/wp-json\/wp\/v2\/comments?post=4708"}],"version-history":[{"count":21,"href":"https:\/\/www.andoaindarraeuskaraz.eus\/es\/wp-json\/wp\/v2\/pages\/4708\/revisions"}],"predecessor-version":[{"id":8371,"href":"https:\/\/www.andoaindarraeuskaraz.eus\/es\/wp-json\/wp\/v2\/pages\/4708\/revisions\/8371"}],"up":[{"embeddable":true,"href":"https:\/\/www.andoaindarraeuskaraz.eus\/es\/wp-json\/wp\/v2\/pages\/4472"}],"wp:attachment":[{"href":"https:\/\/www.andoaindarraeuskaraz.eus\/es\/wp-json\/wp\/v2\/media?parent=4708"}],"curies":[{"name":"wp","href":"https:\/\/api.w.org\/{rel}","templated":true}]}}