{"id":4726,"date":"2015-05-24T21:08:40","date_gmt":"2015-05-24T21:08:40","guid":{"rendered":"http:\/\/www.andoaindarraeuskaraz.eus\/?page_id=4726"},"modified":"2017-03-10T08:35:22","modified_gmt":"2017-03-10T08:35:22","slug":"cursos-del-polideportivo","status":"publish","type":"page","link":"https:\/\/www.andoaindarraeuskaraz.eus\/es\/deporte-en-euskera\/cursos-del-polideportivo\/","title":{"rendered":"Cursos del polideportivo"},"content":{"rendered":"<p><\/p>\n<h2>Cursos en el polideportivo allurralde<\/h2>\n<p><img class=\"alignright\" src=\"https:\/\/www.andoaindarraeuskaraz.eus\/wp-content\/uploads\/2015\/05\/allurralde.jpg\" alt=\"allurralde\" width=\"500\" \/>En el polideportivo Allurralde tendr\u00e1s la oportunidad de realizar muchos de sus cursos en euskera: aerobic, balance, pum, aquagym, zumba, combat, spining, fitness, k-strech, hipopresibos, cros training, nataci\u00f3n, gimnasia y yoga.<\/p>\n<p><a href=\"http:\/\/kirola.andoain.eus\/eu\/\"><strong>Informazio gehiago<\/strong><\/a><\/p>\n<p>A la hora de matricularse en alg\u00fan curso, se le preguna a la\/el alumna-o si es capaz de seguir la clase en euskera, y, en base al porcentaje de alumnas-os de un tipo u otro, se establece en qu\u00e9 idioma se impartir\u00e1 el curso: I<\/p>\n<p><strong>Grupos de tipolog\u00eda A<\/strong>: todas-os las-os participantes (100%-75%) son capaces de seguir las clases en euskera. En estos grupos la\/el monitora\/or impartir\u00e1 las clases exclusivamente o mayoritariamente, en euskera .<\/p>\n<p><strong>Grupos de tipolog\u00eda B<\/strong>: m\u00e1s de la mitad de las-os participantes\u00a0 (74%-50%) son capaces de seguir las clases en euskera. En estos grupos la\/el monitora\/or impartir\u00e1 las clases en los dos idiomas, o mayoritariamente en euskera<\/p>\n<p><strong>Grupos de tipolog\u00eda C<\/strong>: menos de la mitad de las-os participantes\u00a0 (49%-0%) son capaces de seguir las clases en euskera. En estos grupos la\/el monitora\/or impartir\u00e1 las clases en los dos idiomas, o mayoritariamente en castellano.<\/p>\n<h2>Datos del curso 2016-17 :<\/h2>\n<p>En total se han intervencido en 55 cursos\/grupos:<\/p>\n<ul>\n<li>56 de tipolog\u00eda A<\/li>\n<li>1 de tipolog\u00eda B<\/li>\n<li>1 de tipolog\u00eda C<\/li>\n<\/ul>\n<p><strong>Por lo que concierne a la utilizaci\u00f3n ling\u00fc\u00edstica, en 17 grupos se han impartido las clases exclusivamente en euskera, y en 32 principalmente en dicha lengua, es decir el 84% del total de cursos.<br \/>\n<\/strong><\/p>","protected":false},"excerpt":{"rendered":"<p>Cursos en el polideportivo allurralde En el polideportivo Allurralde tendr\u00e1s la oportunidad de realizar muchos de sus cursos en euskera: aerobic, balance, pum, aquagym, zumba, combat, spining, fitness, k-strech, hipopresibos, cros training, nataci\u00f3n, gimnasia y yoga. Informazio gehiago A la hora de matricularse en alg\u00fan curso, se le preguna a la\/el alumna-o si es capaz&#8230; <\/p>\n<div class=\"clear\"><\/div>\n<p><a href=\"https:\/\/www.andoaindarraeuskaraz.eus\/es\/deporte-en-euskera\/cursos-del-polideportivo\/\" class=\"excerpt-read-more\">Read More<i class=\"fa fa-caret-right icon-caret-right\"><\/i><\/a><\/p>\n","protected":false},"author":1,"featured_media":0,"parent":4472,"menu_order":0,"comment_status":"closed","ping_status":"open","template":"","meta":[],"_links":{"self":[{"href":"https:\/\/www.andoaindarraeuskaraz.eus\/es\/wp-json\/wp\/v2\/pages\/4726"}],"collection":[{"href":"https:\/\/www.andoaindarraeuskaraz.eus\/es\/wp-json\/wp\/v2\/pages"}],"about":[{"href":"https:\/\/www.andoaindarraeuskaraz.eus\/es\/wp-json\/wp\/v2\/types\/page"}],"author":[{"embeddable":true,"href":"https:\/\/www.andoaindarraeuskaraz.eus\/es\/wp-json\/wp\/v2\/users\/1"}],"replies":[{"embeddable":true,"href":"https:\/\/www.andoaindarraeuskaraz.eus\/es\/wp-json\/wp\/v2\/comments?post=4726"}],"version-history":[{"count":19,"href":"https:\/\/www.andoaindarraeuskaraz.eus\/es\/wp-json\/wp\/v2\/pages\/4726\/revisions"}],"predecessor-version":[{"id":6644,"href":"https:\/\/www.andoaindarraeuskaraz.eus\/es\/wp-json\/wp\/v2\/pages\/4726\/revisions\/6644"}],"up":[{"embeddable":true,"href":"https:\/\/www.andoaindarraeuskaraz.eus\/es\/wp-json\/wp\/v2\/pages\/4472"}],"wp:attachment":[{"href":"https:\/\/www.andoaindarraeuskaraz.eus\/es\/wp-json\/wp\/v2\/media?parent=4726"}],"curies":[{"name":"wp","href":"https:\/\/api.w.org\/{rel}","templated":true}]}}