{"id":4769,"date":"2015-05-24T22:57:14","date_gmt":"2015-05-24T22:57:14","guid":{"rendered":"http:\/\/www.andoaindarraeuskaraz.eus\/?page_id=4769"},"modified":"2025-04-15T06:33:40","modified_gmt":"2025-04-15T06:33:40","slug":"cursos-de-verano-en-la-ueu","status":"publish","type":"page","link":"https:\/\/www.andoaindarraeuskaraz.eus\/es\/ayudas-economicas\/cursos-de-verano-en-la-ueu\/","title":{"rendered":"Cursos en la universidad de verano"},"content":{"rendered":"<p><\/p>\n<h4>AYUDAS PARA CURSOS DE VERANO DE NIVEL UNIVERSITARIO ORGANIZADOS POR ORGANISMOS OFICIALES.<\/h4>\n<p><div class=\"gdlr-shortcode-wrapper\"><div class=\"gdlr-item gdlr-accordion-item style-1\"  ><div class=\"accordion-tab\" ><h4 class=\"accordion-title\" ><i class=\"icon-plus\" ><\/i><span>REQUISITOS<\/span><\/h4><div class=\"accordion-content\"><\/p>\n<ul>\n<li>Estar empadronado en Andoain.<\/li>\n<li>Realizaci\u00f3n en euskera de un curso de verano de nivel universitario organizado por una instituci\u00f3n oficial.<\/li>\n<li>Acreditar un 100% de asistencia.<\/li>\n<\/ul>\n<p>\n<\/div><\/div><div class=\"accordion-tab\" ><h4 class=\"accordion-title\" ><i class=\"icon-plus\" ><\/i><span>CARACTER\u00cdSTICAS DE LAS AYUDAS<\/span><\/h4><div class=\"accordion-content\"><p>Las personas solicitantes que cumplan y acrediten todos los requisitos\u00a0 recibir\u00e1n el <strong>40%<\/strong> de la matr\u00edcula, siempre que la cantidad dispuesta para ese a\u00f1o no se agote.<\/p>\n<\/div><\/div><div class=\"accordion-tab\" ><h4 class=\"accordion-title\" ><i class=\"icon-plus\" ><\/i><span>SOLICITUDES<\/span><\/h4><div class=\"accordion-content\"><\/p>\n<p>Las solicitudes se podr\u00e1n presentar <strong>del 11 de septiembre al 14 de octubre de 2025<\/strong>, junto con la siguiente documentaci\u00f3n:<\/p>\n<ul>\n<li>El <a href=\"https:\/\/www.andoaindarraeuskaraz.eus\/wp-content\/uploads\/2025\/04\/ESKA_udakoikastaroak_BIETAN.doc\"><span style=\"color: #1d6ba9;\"><strong>impreso de so<\/strong><\/span><span style=\"color: #1d6ba9;\"><strong>licitud<\/strong><\/span> <\/a>debidamente cumplimentado y firmado.<\/li>\n<li>Comprobante abono de la matr\u00edcula del curso.<\/li>\n<li>Documento acreditativo de haber realizado el curso, en el que se recoja la asistencia.<\/li>\n<li>Si la persona solicitante no da autorizaci\u00f3n en el mismo impreso de solcitud para que este Ayuntamiento realice de oficio las correspondientes verificaciones, deber\u00e1 presentar un certificado de la Hacienda Foral en el que se recoja que est\u00e1 al corriente en sus obligaciones tributarias.<\/li>\n<li>Si alg\u00fan otro organismo privado o p\u00fablico le ha concedido otra ayuda por el mismo curso, o si ha solicitado dicha ayuda y est\u00e1 a la espera de respuesta, en el mismo impreso de solicitud deber\u00e1 se\u00f1alar a qu\u00e9 organismo ha dirigido esa solicitud, y en el caso de que ya tenga respuesta, cu\u00e1l es la cantidad que va a recibir en concepto de ayuda.<\/li>\n<\/ul>\n<p>\n<\/div><\/div><\/div><\/div><\/p>","protected":false},"excerpt":{"rendered":"<p>AYUDAS PARA CURSOS DE VERANO DE NIVEL UNIVERSITARIO ORGANIZADOS POR ORGANISMOS OFICIALES.<\/p>\n","protected":false},"author":1,"featured_media":0,"parent":4485,"menu_order":0,"comment_status":"closed","ping_status":"open","template":"","meta":[],"_links":{"self":[{"href":"https:\/\/www.andoaindarraeuskaraz.eus\/es\/wp-json\/wp\/v2\/pages\/4769"}],"collection":[{"href":"https:\/\/www.andoaindarraeuskaraz.eus\/es\/wp-json\/wp\/v2\/pages"}],"about":[{"href":"https:\/\/www.andoaindarraeuskaraz.eus\/es\/wp-json\/wp\/v2\/types\/page"}],"author":[{"embeddable":true,"href":"https:\/\/www.andoaindarraeuskaraz.eus\/es\/wp-json\/wp\/v2\/users\/1"}],"replies":[{"embeddable":true,"href":"https:\/\/www.andoaindarraeuskaraz.eus\/es\/wp-json\/wp\/v2\/comments?post=4769"}],"version-history":[{"count":10,"href":"https:\/\/www.andoaindarraeuskaraz.eus\/es\/wp-json\/wp\/v2\/pages\/4769\/revisions"}],"predecessor-version":[{"id":10459,"href":"https:\/\/www.andoaindarraeuskaraz.eus\/es\/wp-json\/wp\/v2\/pages\/4769\/revisions\/10459"}],"up":[{"embeddable":true,"href":"https:\/\/www.andoaindarraeuskaraz.eus\/es\/wp-json\/wp\/v2\/pages\/4485"}],"wp:attachment":[{"href":"https:\/\/www.andoaindarraeuskaraz.eus\/es\/wp-json\/wp\/v2\/media?parent=4769"}],"curies":[{"name":"wp","href":"https:\/\/api.w.org\/{rel}","templated":true}]}}