{"id":4830,"date":"2015-05-25T00:30:41","date_gmt":"2015-05-25T00:30:41","guid":{"rendered":"http:\/\/www.andoaindarraeuskaraz.eus\/?page_id=4830"},"modified":"2022-05-20T08:08:45","modified_gmt":"2022-05-20T08:08:45","slug":"carnet-de-conducir-en-euskera","status":"publish","type":"page","link":"https:\/\/www.andoaindarraeuskaraz.eus\/es\/euskaraz-bizi\/carnet-de-conducir-en-euskera\/","title":{"rendered":"Permiso de conducir en euskera"},"content":{"rendered":"<p><\/p>\n<h3><strong>Permiso de conducir en euskera<a href=\"https:\/\/www.andoaindarraeuskaraz.eus\/wp-content\/uploads\/2022\/05\/portada.jpg\"><img loading=\"lazy\" class=\"alignright wp-image-9054\" src=\"https:\/\/www.andoaindarraeuskaraz.eus\/wp-content\/uploads\/2022\/05\/portada.jpg\" alt=\"\" width=\"286\" height=\"398\" srcset=\"https:\/\/www.andoaindarraeuskaraz.eus\/wp-content\/uploads\/2022\/05\/portada.jpg 651w, https:\/\/www.andoaindarraeuskaraz.eus\/wp-content\/uploads\/2022\/05\/portada-215x300.jpg 215w\" sizes=\"(max-width: 286px) 100vw, 286px\" \/><\/a><\/strong><\/h3>\n<p>Los seis ayuntamientos de <span style=\"color: #0000ff;\"><strong><a style=\"color: #0000ff;\" href=\"https:\/\/euskara.buruntzaldea.eus\/\">Buruntzaldea (<\/a><\/strong><\/span>Andoain, Astigarraga, Hernani, Lasarte-Oria, Urnieta y\u00a0 Usurbil) \u00a0organizan todos los a\u00f1os una campa\u00f1a para animar a la ciudadan\u00eda a que preparen el examen te\u00f3rico del permiso de conducir en euskera. Se trata de un proyecto llevado a cabo en colaboraci\u00f3n con las autoescuelas de la comarca.<\/p>\n<p align=\"justify\">Como incentivo, entre todas las personas que realizan este examen y lo superan, se sortean todos los a\u00f1os un premio de 400 euros por cada autoescuela que toma parte en el proyecto.<\/p>\n<p align=\"justify\">\u00bfQu\u00e9 tienes que hacer? Inscribirte en alguna de las autoescuelas de Andoain: Bengoechea o Mendi.<\/p>\n<h3><strong>PREMIOS en Andoain 2021:<\/strong><\/h3>\n<p align=\"justify\"><span style=\"color: #0000ff;\"><strong><a style=\"color: #0000ff;\" href=\"https:\/\/www.andoaindarraeuskaraz.eus\/wp-content\/uploads\/2022\/05\/Gidabaimena2022.pdf\">Folleto<\/a><\/strong><\/span><\/p>\n<p align=\"justify\"><a href=\"https:\/\/www.andoaindarraeuskaraz.eus\/wp-content\/uploads\/2022\/05\/Gidabaimena2022.pdf\">Nota de prensa<\/a><\/p>\n<h3><strong>PREMIADAS en Andoain en 2021:<\/strong><\/h3>\n<p>Arixen Carrero Hurtado eta Aimar Murua Poza<\/p>\n<p><a href=\"https:\/\/www.andoaindarraeuskaraz.eus\/wp-content\/uploads\/2022\/05\/20220305-ANDOAIN-AUTOESKOLAK-101-scaled.jpg\"><img loading=\"lazy\" class=\"wp-image-9052 alignleft\" src=\"https:\/\/www.andoaindarraeuskaraz.eus\/wp-content\/uploads\/2022\/05\/20220305-ANDOAIN-AUTOESKOLAK-101-scaled.jpg\" alt=\"\" width=\"582\" height=\"376\" srcset=\"https:\/\/www.andoaindarraeuskaraz.eus\/wp-content\/uploads\/2022\/05\/20220305-ANDOAIN-AUTOESKOLAK-101-scaled.jpg 2560w, https:\/\/www.andoaindarraeuskaraz.eus\/wp-content\/uploads\/2022\/05\/20220305-ANDOAIN-AUTOESKOLAK-101-300x194.jpg 300w, https:\/\/www.andoaindarraeuskaraz.eus\/wp-content\/uploads\/2022\/05\/20220305-ANDOAIN-AUTOESKOLAK-101-1024x662.jpg 1024w, https:\/\/www.andoaindarraeuskaraz.eus\/wp-content\/uploads\/2022\/05\/20220305-ANDOAIN-AUTOESKOLAK-101-768x496.jpg 768w, https:\/\/www.andoaindarraeuskaraz.eus\/wp-content\/uploads\/2022\/05\/20220305-ANDOAIN-AUTOESKOLAK-101-1536x993.jpg 1536w, https:\/\/www.andoaindarraeuskaraz.eus\/wp-content\/uploads\/2022\/05\/20220305-ANDOAIN-AUTOESKOLAK-101-2048x1324.jpg 2048w\" sizes=\"(max-width: 582px) 100vw, 582px\" \/><\/a><\/p>\n<p>&nbsp;<\/p>","protected":false},"excerpt":{"rendered":"<p>Permiso de conducir en euskera Los seis ayuntamientos de Buruntzaldea (Andoain, Astigarraga, Hernani, Lasarte-Oria, Urnieta y\u00a0 Usurbil) \u00a0organizan todos los a\u00f1os una campa\u00f1a para animar a la ciudadan\u00eda a que preparen el examen te\u00f3rico del permiso de conducir en euskera. Se trata de un proyecto llevado a cabo en colaboraci\u00f3n con las autoescuelas de la&#8230; <\/p>\n<div class=\"clear\"><\/div>\n<p><a href=\"https:\/\/www.andoaindarraeuskaraz.eus\/es\/euskaraz-bizi\/carnet-de-conducir-en-euskera\/\" class=\"excerpt-read-more\">Read More<i class=\"fa fa-caret-right icon-caret-right\"><\/i><\/a><\/p>\n","protected":false},"author":1,"featured_media":9054,"parent":4464,"menu_order":0,"comment_status":"closed","ping_status":"open","template":"","meta":[],"_links":{"self":[{"href":"https:\/\/www.andoaindarraeuskaraz.eus\/es\/wp-json\/wp\/v2\/pages\/4830"}],"collection":[{"href":"https:\/\/www.andoaindarraeuskaraz.eus\/es\/wp-json\/wp\/v2\/pages"}],"about":[{"href":"https:\/\/www.andoaindarraeuskaraz.eus\/es\/wp-json\/wp\/v2\/types\/page"}],"author":[{"embeddable":true,"href":"https:\/\/www.andoaindarraeuskaraz.eus\/es\/wp-json\/wp\/v2\/users\/1"}],"replies":[{"embeddable":true,"href":"https:\/\/www.andoaindarraeuskaraz.eus\/es\/wp-json\/wp\/v2\/comments?post=4830"}],"version-history":[{"count":11,"href":"https:\/\/www.andoaindarraeuskaraz.eus\/es\/wp-json\/wp\/v2\/pages\/4830\/revisions"}],"predecessor-version":[{"id":9056,"href":"https:\/\/www.andoaindarraeuskaraz.eus\/es\/wp-json\/wp\/v2\/pages\/4830\/revisions\/9056"}],"up":[{"embeddable":true,"href":"https:\/\/www.andoaindarraeuskaraz.eus\/es\/wp-json\/wp\/v2\/pages\/4464"}],"wp:featuredmedia":[{"embeddable":true,"href":"https:\/\/www.andoaindarraeuskaraz.eus\/es\/wp-json\/wp\/v2\/media\/9054"}],"wp:attachment":[{"href":"https:\/\/www.andoaindarraeuskaraz.eus\/es\/wp-json\/wp\/v2\/media?parent=4830"}],"curies":[{"name":"wp","href":"https:\/\/api.w.org\/{rel}","templated":true}]}}