{"id":5523,"date":"2015-09-22T06:56:27","date_gmt":"2015-09-22T06:56:27","guid":{"rendered":"http:\/\/www.andoaindarraeuskaraz.eus\/es\/?page_id=5523"},"modified":"2025-04-14T09:41:30","modified_gmt":"2025-04-14T09:41:30","slug":"castellano-comercio","status":"publish","type":"page","link":"https:\/\/www.andoaindarraeuskaraz.eus\/es\/ayudas-economicas\/comercio\/","title":{"rendered":"Comercio, hosteler\u00eda y empresas"},"content":{"rendered":"<p><\/p>\n<h4><a href=\"https:\/\/www.andoaindarraeuskaraz.eus\/wp-content\/uploads\/2025\/04\/BesteDirulag_DEI_2025.pdf\">CONVOCATORIA 2025<\/a><\/h4>\n<ul>\n<li><a href=\"https:\/\/www.andoaindarraeuskaraz.eus\/dirulaguntzak\/merkataritza\/kanpo-eta-barruko-hizkuntza-paisaia-euskaraz-jartzeko\/\"><strong>SUBVENCIONES PARA IMPLEMENTAR EL PAISAJE LING\u00dc\u00cdSTICO URBANO EXTERIOR E INTERIOR EN EUSKERA<\/strong><\/a><\/li>\n<\/ul>\n<p>&nbsp;<\/p>\n<ul>\n<li><a href=\"https:\/\/www.andoaindarraeuskaraz.eus\/dirulaguntzak\/merkataritza\/castellano-webguneak-eta-programa-informatikoak-euskaraz-jartzeko\/\"><strong>SUBVENCIONES PARA LA ELABORACI\u00d3N DE P\u00c1GINAS WEB Y PROGRAMAS INFORM\u00c1TICOS EN EUSKERA<\/strong><\/a><\/li>\n<\/ul>\n<p>.<\/p>\n<p>.<\/p>","protected":false},"excerpt":{"rendered":"<p>CONVOCATORIA 2025 SUBVENCIONES PARA IMPLEMENTAR EL PAISAJE LING\u00dc\u00cdSTICO URBANO EXTERIOR E INTERIOR EN EUSKERA &nbsp; SUBVENCIONES PARA LA ELABORACI\u00d3N DE P\u00c1GINAS WEB Y PROGRAMAS INFORM\u00c1TICOS EN EUSKERA . .<\/p>\n","protected":false},"author":2,"featured_media":0,"parent":4485,"menu_order":0,"comment_status":"closed","ping_status":"closed","template":"","meta":[],"_links":{"self":[{"href":"https:\/\/www.andoaindarraeuskaraz.eus\/es\/wp-json\/wp\/v2\/pages\/5523"}],"collection":[{"href":"https:\/\/www.andoaindarraeuskaraz.eus\/es\/wp-json\/wp\/v2\/pages"}],"about":[{"href":"https:\/\/www.andoaindarraeuskaraz.eus\/es\/wp-json\/wp\/v2\/types\/page"}],"author":[{"embeddable":true,"href":"https:\/\/www.andoaindarraeuskaraz.eus\/es\/wp-json\/wp\/v2\/users\/2"}],"replies":[{"embeddable":true,"href":"https:\/\/www.andoaindarraeuskaraz.eus\/es\/wp-json\/wp\/v2\/comments?post=5523"}],"version-history":[{"count":11,"href":"https:\/\/www.andoaindarraeuskaraz.eus\/es\/wp-json\/wp\/v2\/pages\/5523\/revisions"}],"predecessor-version":[{"id":10432,"href":"https:\/\/www.andoaindarraeuskaraz.eus\/es\/wp-json\/wp\/v2\/pages\/5523\/revisions\/10432"}],"up":[{"embeddable":true,"href":"https:\/\/www.andoaindarraeuskaraz.eus\/es\/wp-json\/wp\/v2\/pages\/4485"}],"wp:attachment":[{"href":"https:\/\/www.andoaindarraeuskaraz.eus\/es\/wp-json\/wp\/v2\/media?parent=5523"}],"curies":[{"name":"wp","href":"https:\/\/api.w.org\/{rel}","templated":true}]}}