{"id":7553,"date":"2018-07-02T11:23:18","date_gmt":"2018-07-02T11:23:18","guid":{"rendered":"http:\/\/www.andoaindarraeuskaraz.eus\/?page_id=7553"},"modified":"2018-11-13T13:54:11","modified_gmt":"2018-11-13T13:54:11","slug":"albisteak-2","status":"publish","type":"page","link":"https:\/\/www.andoaindarraeuskaraz.eus\/es\/albisteak\/","title":{"rendered":"Albisteak"},"content":{"rendered":"<p><\/p>\n<h2><span style=\"color: #000080;\">ANDOAINGO UDALA EUSKARALDIAREKIN BAT<br \/>\n<\/span><\/h2>\n<p><a href=\"https:\/\/www.andoaindarraeuskaraz.eus\/wp-content\/uploads\/2018\/11\/Erakunde_adierazpena_eu.pdf\">Erakunde_adierazpena_eu<\/a><\/p>\n<p><a href=\"https:\/\/www.andoaindarraeuskaraz.eus\/wp-content\/uploads\/2018\/11\/Erakunde_adierazpena_es.pdf\">Erakunde_adierazpena_es<\/a><\/p>\n<p><img loading=\"lazy\" class=\"alignnone size-medium wp-image-7710\" src=\"https:\/\/www.andoaindarraeuskaraz.eus\/wp-content\/uploads\/2018\/11\/udala-eta-euskaraldia-300x133.jpg\" alt=\"\" width=\"300\" height=\"133\" srcset=\"https:\/\/www.andoaindarraeuskaraz.eus\/wp-content\/uploads\/2018\/11\/udala-eta-euskaraldia-300x133.jpg 300w, https:\/\/www.andoaindarraeuskaraz.eus\/wp-content\/uploads\/2018\/11\/udala-eta-euskaraldia.jpg 341w\" sizes=\"(max-width: 300px) 100vw, 300px\" \/><\/p>\n<h2>&nbsp;<\/h2>\n<h2><span style=\"color: #000080;\">EUSKARA ANDOAINEN, ETEN EZ DEN SOKA<br \/>\n<\/span><\/h2>\n<p>Desde el 14 al 29 de septiembre, en la sala de exposiciones de Bastero Kulturgunea, presentamos la exposici\u00f3n EUSKARA ANDOAINEN, ETEN EZ DEN SOKA.<\/p>\n<p>Horario: de lunes a viernes, de 18:00 a 20:00 horas<\/p>\n<p>&nbsp;&nbsp;&nbsp;&nbsp;&nbsp;&nbsp;&nbsp;&nbsp;&nbsp;&nbsp;&nbsp;&nbsp;&nbsp; s\u00e1bados: 10:30-13:30 y 18:00-20:30<\/p>\n<p><img loading=\"lazy\" class=\"alignnone size-medium wp-image-7589\" src=\"https:\/\/www.andoaindarraeuskaraz.eus\/wp-content\/uploads\/2018\/09\/kartela-212x300.jpeg\" alt=\"\" width=\"212\" height=\"300\" srcset=\"https:\/\/www.andoaindarraeuskaraz.eus\/wp-content\/uploads\/2018\/09\/kartela-212x300.jpeg 212w, https:\/\/www.andoaindarraeuskaraz.eus\/wp-content\/uploads\/2018\/09\/kartela-768x1087.jpeg 768w, https:\/\/www.andoaindarraeuskaraz.eus\/wp-content\/uploads\/2018\/09\/kartela-724x1024.jpeg 724w, https:\/\/www.andoaindarraeuskaraz.eus\/wp-content\/uploads\/2018\/09\/kartela.jpeg 1080w\" sizes=\"(max-width: 212px) 100vw, 212px\" \/><\/p>\n<h4>&nbsp;Inaugurazioaren argazkiak<\/h4>\n<div class=\"gdlr-shortcode-wrapper\"><div class=\"gdlr-gallery-item gdlr-item\" ><div class=\"gallery-column four columns\"><div class=\"gallery-item\"><a href=\"https:\/\/www.andoaindarraeuskaraz.eus\/es\/albisteak\/garazi\/\" data-rel=\"fancybox\" ><img src=\"https:\/\/www.andoaindarraeuskaraz.eus\/wp-content\/uploads\/2018\/07\/Garazi-150x150.jpg\" alt=\"\" width=\"150\" height=\"150\" \/><\/a><span class=\"gallery-caption\"><\/span><\/div><\/div><div class=\"gallery-column four columns\"><div class=\"gallery-item\"><a href=\"https:\/\/www.andoaindarraeuskaraz.eus\/es\/albisteak\/ikuslegoa2\/\" data-rel=\"fancybox\" ><img src=\"https:\/\/www.andoaindarraeuskaraz.eus\/wp-content\/uploads\/2018\/07\/ikuslegoa2-150x150.jpg\" alt=\"\" width=\"150\" height=\"150\" \/><\/a><span class=\"gallery-caption\"><\/span><\/div><\/div><div class=\"gallery-column four columns\"><div class=\"gallery-item\"><a href=\"https:\/\/www.andoaindarraeuskaraz.eus\/es\/albisteak\/ikuslegoa_patxi\/\" data-rel=\"fancybox\" ><img src=\"https:\/\/www.andoaindarraeuskaraz.eus\/wp-content\/uploads\/2018\/07\/ikuslegoa_Patxi-150x150.jpg\" alt=\"\" width=\"150\" height=\"150\" \/><\/a><span class=\"gallery-caption\"><\/span><\/div><\/div><div class=\"clear\"><\/div><div class=\"gallery-column four columns\"><div class=\"gallery-item\"><a href=\"https:\/\/www.andoaindarraeuskaraz.eus\/es\/albisteak\/ikuslegoa\/\" data-rel=\"fancybox\" ><img src=\"https:\/\/www.andoaindarraeuskaraz.eus\/wp-content\/uploads\/2018\/07\/ikuslegoa-150x150.jpg\" alt=\"\" width=\"150\" height=\"150\" \/><\/a><span class=\"gallery-caption\"><\/span><\/div><\/div><div class=\"gallery-column four columns\"><div class=\"gallery-item\"><a href=\"https:\/\/www.andoaindarraeuskaraz.eus\/es\/albisteak\/ainhoa\/\" data-rel=\"fancybox\" ><img src=\"https:\/\/www.andoaindarraeuskaraz.eus\/wp-content\/uploads\/2018\/07\/Ainhoa-150x150.jpg\" alt=\"\" width=\"150\" height=\"150\" \/><\/a><span class=\"gallery-caption\"><\/span><\/div><\/div><div class=\"gallery-column four columns\"><div class=\"gallery-item\"><a href=\"https:\/\/www.andoaindarraeuskaraz.eus\/es\/albisteak\/myriam-eta-roberto\/\" data-rel=\"fancybox\" ><img src=\"https:\/\/www.andoaindarraeuskaraz.eus\/wp-content\/uploads\/2018\/07\/Myriam-eta-Roberto-150x150.jpg\" alt=\"\" width=\"150\" height=\"150\" \/><\/a><span class=\"gallery-caption\"><\/span><\/div><\/div><div class=\"clear\"><\/div><div class=\"gallery-column four columns\"><div class=\"gallery-item\"><a href=\"https:\/\/www.andoaindarraeuskaraz.eus\/es\/albisteak\/bi-ikusle\/\" data-rel=\"fancybox\" ><img src=\"https:\/\/www.andoaindarraeuskaraz.eus\/wp-content\/uploads\/2018\/07\/bi-ikusle-150x150.jpg\" alt=\"\" width=\"150\" height=\"150\" \/><\/a><span class=\"gallery-caption\"><\/span><\/div><\/div><div class=\"gallery-column four columns\"><div class=\"gallery-item\"><a href=\"https:\/\/www.andoaindarraeuskaraz.eus\/es\/albisteak\/bizikleta\/\" data-rel=\"fancybox\" ><img src=\"https:\/\/www.andoaindarraeuskaraz.eus\/wp-content\/uploads\/2018\/07\/bizikleta-150x150.jpg\" alt=\"\" width=\"150\" height=\"150\" \/><\/a><span class=\"gallery-caption\"><\/span><\/div><\/div><div class=\"gallery-column four columns\"><div class=\"gallery-item\"><a href=\"https:\/\/www.andoaindarraeuskaraz.eus\/es\/albisteak\/erakusketako-pareta-1\/\" data-rel=\"fancybox\" ><img src=\"https:\/\/www.andoaindarraeuskaraz.eus\/wp-content\/uploads\/2018\/07\/erakusketako-pareta-1-150x150.jpg\" alt=\"\" width=\"150\" height=\"150\" \/><\/a><span class=\"gallery-caption\"><\/span><\/div><\/div><div class=\"clear\"><\/div><div class=\"gallery-column four columns\"><div class=\"gallery-item\"><a href=\"https:\/\/www.andoaindarraeuskaraz.eus\/es\/albisteak\/idazmakina\/\" data-rel=\"fancybox\" ><img src=\"https:\/\/www.andoaindarraeuskaraz.eus\/wp-content\/uploads\/2018\/07\/idazmakina-150x150.jpg\" alt=\"\" width=\"150\" height=\"150\" \/><\/a><span class=\"gallery-caption\"><\/span><\/div><\/div><div class=\"gallery-column four columns\"><div class=\"gallery-item\"><a href=\"https:\/\/www.andoaindarraeuskaraz.eus\/es\/albisteak\/lantaldea\/\" data-rel=\"fancybox\" ><img src=\"https:\/\/www.andoaindarraeuskaraz.eus\/wp-content\/uploads\/2018\/07\/lantaldea-150x150.jpg\" alt=\"\" width=\"150\" height=\"150\" \/><\/a><span class=\"gallery-caption\"><\/span><\/div><\/div><div class=\"gallery-column four columns\"><div class=\"gallery-item\"><a href=\"https:\/\/www.andoaindarraeuskaraz.eus\/es\/albisteak\/parte-ikuslea\/\" data-rel=\"fancybox\" ><img src=\"https:\/\/www.andoaindarraeuskaraz.eus\/wp-content\/uploads\/2018\/07\/parte-ikuslea-150x150.jpg\" alt=\"\" width=\"150\" height=\"150\" \/><\/a><span class=\"gallery-caption\"><\/span><\/div><\/div><div class=\"clear\"><\/div><\/div><\/div>\n<h2><span style=\"color: #000080;\">SAN JUAN JAIETAN<br \/>\n<\/span><\/h2>\n<p>Los d\u00edas 23 y 24 de enero propusimos a todas-os las-os andoaindarras hacer una peque\u00f1a prueba de lo que ser\u00e1 el Euskaraldia, y recibimos la adhesi\u00f3n de muchos grupos que participaban esos dos d\u00edas en el programa de fiestas:<\/p>\n<div class=\"gdlr-shortcode-wrapper\"><div class=\"gdlr-gallery-item gdlr-item\" ><div class=\"gallery-column four columns\"><div class=\"gallery-item\"><a href=\"https:\/\/www.andoaindarraeuskaraz.eus\/es\/albisteak\/abesbatza\/\" data-rel=\"fancybox\" ><img src=\"https:\/\/www.andoaindarraeuskaraz.eus\/wp-content\/uploads\/2018\/07\/abesbatza-150x150.jpg\" alt=\"\" width=\"150\" height=\"150\" \/><\/a><span class=\"gallery-caption\">Musika Eskolako Abesbatza<\/span><\/div><\/div><div class=\"gallery-column four columns\"><div class=\"gallery-item\"><a href=\"https:\/\/www.andoaindarraeuskaraz.eus\/es\/albisteak\/axeri-dantza\/\" data-rel=\"fancybox\" ><img src=\"https:\/\/www.andoaindarraeuskaraz.eus\/wp-content\/uploads\/2018\/07\/axeri-dantza-150x150.jpg\" alt=\"\" width=\"150\" height=\"150\" \/><\/a><span class=\"gallery-caption\">Axeri Dantza<\/span><\/div><\/div><div class=\"gallery-column four columns\"><div class=\"gallery-item\"><a href=\"https:\/\/www.andoaindarraeuskaraz.eus\/es\/albisteak\/erraldoiak-eta-buruhandiak\/\" data-rel=\"fancybox\" ><img src=\"https:\/\/www.andoaindarraeuskaraz.eus\/wp-content\/uploads\/2018\/07\/erraldoiak-eta-buruhandiak-150x150.jpg\" alt=\"\" width=\"150\" height=\"150\" \/><\/a><span class=\"gallery-caption\">Erraldoiak eta Buruhandiak<\/span><\/div><\/div><div class=\"clear\"><\/div><div class=\"gallery-column four columns\"><div class=\"gallery-item\"><a href=\"https:\/\/www.andoaindarraeuskaraz.eus\/es\/albisteak\/jai-batzordeak\/\" data-rel=\"fancybox\" ><img src=\"https:\/\/www.andoaindarraeuskaraz.eus\/wp-content\/uploads\/2018\/07\/jai-batzordeak-150x150.jpg\" alt=\"\" width=\"150\" height=\"150\" \/><\/a><span class=\"gallery-caption\">Jai Batzordeak<\/span><\/div><\/div><div class=\"gallery-column four columns\"><div class=\"gallery-item\"><a href=\"https:\/\/www.andoaindarraeuskaraz.eus\/es\/albisteak\/kantu-kalejira\/\" data-rel=\"fancybox\" ><img src=\"https:\/\/www.andoaindarraeuskaraz.eus\/wp-content\/uploads\/2018\/07\/kantu-kalejira-150x150.jpg\" alt=\"\" width=\"150\" height=\"150\" \/><\/a><span class=\"gallery-caption\">Kantu kalejira<\/span><\/div><\/div><div class=\"gallery-column four columns\"><div class=\"gallery-item\"><a href=\"https:\/\/www.andoaindarraeuskaraz.eus\/es\/albisteak\/kontzejupekoak\/\" data-rel=\"fancybox\" ><img src=\"https:\/\/www.andoaindarraeuskaraz.eus\/wp-content\/uploads\/2018\/07\/kontzejupekoak-150x150.jpg\" alt=\"\" width=\"150\" height=\"150\" \/><\/a><span class=\"gallery-caption\">Kontzejupekoak<\/span><\/div><\/div><div class=\"clear\"><\/div><div class=\"gallery-column four columns\"><div class=\"gallery-item\"><a href=\"https:\/\/www.andoaindarraeuskaraz.eus\/es\/albisteak\/korporazioa\/\" data-rel=\"fancybox\" ><img src=\"https:\/\/www.andoaindarraeuskaraz.eus\/wp-content\/uploads\/2018\/07\/korporazioa-150x150.jpg\" alt=\"\" width=\"150\" height=\"150\" \/><\/a><span class=\"gallery-caption\">Udal korporazioa<\/span><\/div><\/div><div class=\"gallery-column four columns\"><div class=\"gallery-item\"><a href=\"https:\/\/www.andoaindarraeuskaraz.eus\/es\/albisteak\/mintzalaguna-3\/\" data-rel=\"fancybox\" ><img src=\"https:\/\/www.andoaindarraeuskaraz.eus\/wp-content\/uploads\/2018\/07\/mintzalaguna-150x150.jpg\" alt=\"\" width=\"150\" height=\"150\" \/><\/a><span class=\"gallery-caption\">Mintzalagunak<\/span><\/div><\/div><div class=\"gallery-column four columns\"><div class=\"gallery-item\"><a href=\"https:\/\/www.andoaindarraeuskaraz.eus\/es\/albisteak\/pilotakook\/\" data-rel=\"fancybox\" ><img src=\"https:\/\/www.andoaindarraeuskaraz.eus\/wp-content\/uploads\/2018\/07\/pilotakook-150x150.jpg\" alt=\"\" width=\"150\" height=\"150\" \/><\/a><span class=\"gallery-caption\">Pilota Eskola<\/span><\/div><\/div><div class=\"clear\"><\/div><div class=\"gallery-column four columns\"><div class=\"gallery-item\"><a href=\"https:\/\/www.andoaindarraeuskaraz.eus\/es\/albisteak\/txirrindulariak\/\" data-rel=\"fancybox\" ><img src=\"https:\/\/www.andoaindarraeuskaraz.eus\/wp-content\/uploads\/2018\/07\/txirrindulariak-150x150.jpg\" alt=\"\" width=\"150\" height=\"150\" \/><\/a><span class=\"gallery-caption\">Txirrindulari Eskola<\/span><\/div><\/div><div class=\"gallery-column four columns\"><div class=\"gallery-item\"><a href=\"https:\/\/www.andoaindarraeuskaraz.eus\/es\/albisteak\/txistulariak\/\" data-rel=\"fancybox\" ><img src=\"https:\/\/www.andoaindarraeuskaraz.eus\/wp-content\/uploads\/2018\/07\/txistulariak-150x150.jpg\" alt=\"\" width=\"150\" height=\"150\" \/><\/a><span class=\"gallery-caption\">Olagain Txistulariak<\/span><\/div><\/div><div class=\"gallery-column four columns\"><div class=\"gallery-item\"><a href=\"https:\/\/www.andoaindarraeuskaraz.eus\/es\/albisteak\/udal-banda\/\" data-rel=\"fancybox\" ><img src=\"https:\/\/www.andoaindarraeuskaraz.eus\/wp-content\/uploads\/2018\/07\/udal-banda-150x150.jpg\" alt=\"\" width=\"150\" height=\"150\" \/><\/a><span class=\"gallery-caption\">Musika Eskolako Banda<\/span><\/div><\/div><div class=\"clear\"><\/div><div class=\"gallery-column four columns\"><div class=\"gallery-item\"><a href=\"https:\/\/www.andoaindarraeuskaraz.eus\/es\/albisteak\/zesta-puntakoak\/\" data-rel=\"fancybox\" ><img src=\"https:\/\/www.andoaindarraeuskaraz.eus\/wp-content\/uploads\/2018\/07\/zesta-puntakoak-150x150.jpg\" alt=\"\" width=\"150\" height=\"150\" \/><\/a><span class=\"gallery-caption\">Zesta Puntakoak<\/span><\/div><\/div><div class=\"gallery-column four columns\"><div class=\"gallery-item\"><a href=\"https:\/\/www.andoaindarraeuskaraz.eus\/es\/albisteak\/zumeatarra-2\/\" data-rel=\"fancybox\" ><img src=\"https:\/\/www.andoaindarraeuskaraz.eus\/wp-content\/uploads\/2018\/07\/zumeatarra-150x150.jpg\" alt=\"\" width=\"150\" height=\"150\" \/><\/a><span class=\"gallery-caption\">Zumeatarra<\/span><\/div><\/div><div class=\"gallery-column four columns\"><div class=\"gallery-item\"><a href=\"https:\/\/www.andoaindarraeuskaraz.eus\/es\/albisteak\/bertsolariak-2\/\" data-rel=\"fancybox\" ><img src=\"https:\/\/www.andoaindarraeuskaraz.eus\/wp-content\/uploads\/2018\/07\/bertsolariak-1-150x150.jpg\" alt=\"\" width=\"150\" height=\"150\" \/><\/a><span class=\"gallery-caption\">Punttuka Bertso Eskola<\/span><\/div><\/div><div class=\"clear\"><\/div><\/div><\/div>\n<h2>&nbsp;<\/h2>\n<h2><span style=\"color: #000080;\">HAMAIKAKOA<\/span><\/h2>\n<p>El 1 de JUNIO, en el patio del Colegio Ondarreta se hizo la PRESENTACI\u00d3N DE LOS 11 EMBAJADORES de Euskaraldia en Andoain:<\/p>\n<p><span style=\"color: #000080;\"><strong><a style=\"color: #000080;\" href=\"https:\/\/www.youtube.com\/watch?v=EJPdJ1F2ikg\">E\u00f1aut<\/a><\/strong><\/span>,<strong> <a href=\"https:\/\/www.youtube.com\/watch?v=k1-3ilOr1H4\"><span style=\"color: #000080;\">Ana<\/span><\/a>, <a href=\"https:\/\/www.youtube.com\/watch?v=2bX-4d9juK0\"><span style=\"color: #000080;\">Izaskun<\/span><\/a>, <a href=\"https:\/\/www.youtube.com\/watch?v=T5WJaYTPVoQ\"><span style=\"color: #000080;\">Eugenio<\/span><\/a>, <a href=\"https:\/\/www.youtube.com\/watch?v=5QUzOUBTmCM\"><span style=\"color: #000080;\">Estebe<\/span><\/a>, <a href=\"https:\/\/www.youtube.com\/watch?v=dxqZmblvBuY\"><span style=\"color: #000080;\">Oliba<\/span><\/a>,<\/strong> <strong><span style=\"color: #000080;\"><a style=\"color: #000080;\" href=\"https:\/\/youtu.be\/z-XnvsbPtlA\">Leire<\/a><\/span><\/strong>, <strong><span style=\"color: #000080;\"><a style=\"color: #000080;\" href=\"https:\/\/youtu.be\/6GKAYDn4h_Y\">Ines<\/a><\/span><\/strong>, <strong><span style=\"color: #000080;\"><a style=\"color: #000080;\" href=\"https:\/\/youtu.be\/SEw7e71sNIs\">I\u00f1aki<\/a><\/span><\/strong>, <span style=\"color: #000080;\"><strong><a style=\"color: #000080;\" href=\"https:\/\/youtu.be\/f0PyyF6p66w\">Merc\u00e9<\/a> <\/strong><\/span>e<span style=\"color: #000080;\"><strong> <a style=\"color: #000080;\" href=\"https:\/\/youtu.be\/paYjyTOUiyU\">Inma<\/a><\/strong><\/span><\/p>\n<div class=\"gdlr-shortcode-wrapper\"><div class=\"gdlr-gallery-item gdlr-item\" ><div class=\"gallery-column four columns\"><div class=\"gallery-item\"><a href=\"https:\/\/www.andoaindarraeuskaraz.eus\/es\/19\/\" data-rel=\"fancybox\" ><img src=\"https:\/\/www.andoaindarraeuskaraz.eus\/wp-content\/uploads\/2018\/04\/19-150x150.jpg\" alt=\"\" width=\"150\" height=\"150\" \/><\/a><span class=\"gallery-caption\">E\u00f1aut Ega\u00f1a<\/span><\/div><\/div><div class=\"gallery-column four columns\"><div class=\"gallery-item\"><a href=\"https:\/\/www.andoaindarraeuskaraz.eus\/es\/20\/\" data-rel=\"fancybox\" ><img src=\"https:\/\/www.andoaindarraeuskaraz.eus\/wp-content\/uploads\/2018\/04\/20-150x150.jpg\" alt=\"\" width=\"150\" height=\"150\" \/><\/a><span class=\"gallery-caption\">Ana Carrero<\/span><\/div><\/div><div class=\"gallery-column four columns\"><div class=\"gallery-item\"><a href=\"https:\/\/www.andoaindarraeuskaraz.eus\/es\/21\/\" data-rel=\"fancybox\" ><img src=\"https:\/\/www.andoaindarraeuskaraz.eus\/wp-content\/uploads\/2018\/04\/21-150x150.jpg\" alt=\"\" width=\"150\" height=\"150\" \/><\/a><span class=\"gallery-caption\">Izaskun Aizpurua<\/span><\/div><\/div><div class=\"clear\"><\/div><div class=\"gallery-column four columns\"><div class=\"gallery-item\"><a href=\"https:\/\/www.andoaindarraeuskaraz.eus\/es\/22\/\" data-rel=\"fancybox\" ><img src=\"https:\/\/www.andoaindarraeuskaraz.eus\/wp-content\/uploads\/2018\/04\/22-150x150.jpg\" alt=\"\" width=\"150\" height=\"150\" \/><\/a><span class=\"gallery-caption\">Eugenio Delgado<\/span><\/div><\/div><div class=\"gallery-column four columns\"><div class=\"gallery-item\"><a href=\"https:\/\/www.andoaindarraeuskaraz.eus\/es\/23\/\" data-rel=\"fancybox\" ><img src=\"https:\/\/www.andoaindarraeuskaraz.eus\/wp-content\/uploads\/2018\/04\/23-e1528097090199-150x150.jpg\" alt=\"\" width=\"150\" height=\"150\" \/><\/a><span class=\"gallery-caption\">Estebe Lopez de Munain<\/span><\/div><\/div><div class=\"gallery-column four columns\"><div class=\"gallery-item\"><a href=\"https:\/\/www.andoaindarraeuskaraz.eus\/es\/24\/\" data-rel=\"fancybox\" ><img src=\"https:\/\/www.andoaindarraeuskaraz.eus\/wp-content\/uploads\/2018\/04\/24-e1528097112746-150x150.jpg\" alt=\"\" width=\"150\" height=\"150\" \/><\/a><span class=\"gallery-caption\">Oliva Caballero<\/span><\/div><\/div><div class=\"clear\"><\/div><div class=\"gallery-column four columns\"><div class=\"gallery-item\"><a href=\"https:\/\/www.andoaindarraeuskaraz.eus\/es\/25\/\" data-rel=\"fancybox\" ><img src=\"https:\/\/www.andoaindarraeuskaraz.eus\/wp-content\/uploads\/2018\/04\/25-e1528097162218-150x150.jpg\" alt=\"\" width=\"150\" height=\"150\" \/><\/a><span class=\"gallery-caption\">Leire Rekalde<\/span><\/div><\/div><div class=\"gallery-column four columns\"><div class=\"gallery-item\"><a href=\"https:\/\/www.andoaindarraeuskaraz.eus\/es\/26\/\" data-rel=\"fancybox\" ><img src=\"https:\/\/www.andoaindarraeuskaraz.eus\/wp-content\/uploads\/2018\/04\/26-e1528097200369-150x150.jpg\" alt=\"\" width=\"150\" height=\"150\" \/><\/a><span class=\"gallery-caption\">In\u00e9s Mir\u00f3n<\/span><\/div><\/div><div class=\"gallery-column four columns\"><div class=\"gallery-item\"><a href=\"https:\/\/www.andoaindarraeuskaraz.eus\/es\/27\/\" data-rel=\"fancybox\" ><img src=\"https:\/\/www.andoaindarraeuskaraz.eus\/wp-content\/uploads\/2018\/04\/27-e1528097282181-150x150.jpg\" alt=\"\" width=\"150\" height=\"150\" \/><\/a><span class=\"gallery-caption\">I\u00f1aki Zabaleta<\/span><\/div><\/div><div class=\"clear\"><\/div><div class=\"gallery-column four columns\"><div class=\"gallery-item\"><a href=\"https:\/\/www.andoaindarraeuskaraz.eus\/es\/28\/\" data-rel=\"fancybox\" ><img src=\"https:\/\/www.andoaindarraeuskaraz.eus\/wp-content\/uploads\/2018\/04\/28-150x150.jpg\" alt=\"\" width=\"150\" height=\"150\" \/><\/a><span class=\"gallery-caption\">Merc\u00e9 Brau<\/span><\/div><\/div><div class=\"gallery-column four columns\"><div class=\"gallery-item\"><a href=\"https:\/\/www.andoaindarraeuskaraz.eus\/es\/29\/\" data-rel=\"fancybox\" ><img src=\"https:\/\/www.andoaindarraeuskaraz.eus\/wp-content\/uploads\/2018\/04\/29-150x150.jpg\" alt=\"\" width=\"150\" height=\"150\" \/><\/a><span class=\"gallery-caption\">Inma Cires<\/span><\/div><\/div><div class=\"clear\"><\/div><\/div><\/div>\n<p><span style=\"color: #000080;\"><a style=\"color: #000080;\" href=\"https:\/\/youtu.be\/xAVCmvy6NeA\"><strong>M\u00e1s fotos<\/strong><\/a><\/span><\/p>","protected":false},"excerpt":{"rendered":"<p>ANDOAINGO UDALA EUSKARALDIAREKIN BAT Erakunde_adierazpena_eu Erakunde_adierazpena_es &nbsp; EUSKARA ANDOAINEN, ETEN EZ DEN SOKA Desde el 14 al 29 de septiembre, en la sala de exposiciones de Bastero Kulturgunea, presentamos la exposici\u00f3n EUSKARA ANDOAINEN, ETEN EZ DEN SOKA. Horario: de lunes a viernes, de 18:00 a 20:00 horas &nbsp;&nbsp;&nbsp;&nbsp;&nbsp;&nbsp;&nbsp;&nbsp;&nbsp;&nbsp;&nbsp;&nbsp;&nbsp; s\u00e1bados: 10:30-13:30 y 18:00-20:30 &nbsp;Inaugurazioaren argazkiak SAN&#8230; <\/p>\n<div class=\"clear\"><\/div>\n<p><a href=\"https:\/\/www.andoaindarraeuskaraz.eus\/es\/albisteak\/\" class=\"excerpt-read-more\">Read More<i class=\"fa fa-caret-right icon-caret-right\"><\/i><\/a><\/p>\n","protected":false},"author":2,"featured_media":0,"parent":0,"menu_order":1,"comment_status":"closed","ping_status":"closed","template":"","meta":[],"_links":{"self":[{"href":"https:\/\/www.andoaindarraeuskaraz.eus\/es\/wp-json\/wp\/v2\/pages\/7553"}],"collection":[{"href":"https:\/\/www.andoaindarraeuskaraz.eus\/es\/wp-json\/wp\/v2\/pages"}],"about":[{"href":"https:\/\/www.andoaindarraeuskaraz.eus\/es\/wp-json\/wp\/v2\/types\/page"}],"author":[{"embeddable":true,"href":"https:\/\/www.andoaindarraeuskaraz.eus\/es\/wp-json\/wp\/v2\/users\/2"}],"replies":[{"embeddable":true,"href":"https:\/\/www.andoaindarraeuskaraz.eus\/es\/wp-json\/wp\/v2\/comments?post=7553"}],"version-history":[{"count":8,"href":"https:\/\/www.andoaindarraeuskaraz.eus\/es\/wp-json\/wp\/v2\/pages\/7553\/revisions"}],"predecessor-version":[{"id":7712,"href":"https:\/\/www.andoaindarraeuskaraz.eus\/es\/wp-json\/wp\/v2\/pages\/7553\/revisions\/7712"}],"wp:attachment":[{"href":"https:\/\/www.andoaindarraeuskaraz.eus\/es\/wp-json\/wp\/v2\/media?parent=7553"}],"curies":[{"name":"wp","href":"https:\/\/api.w.org\/{rel}","templated":true}]}}