{"id":8845,"date":"2022-01-13T13:23:51","date_gmt":"2022-01-13T13:23:51","guid":{"rendered":"https:\/\/www.andoaindarraeuskaraz.eus\/?page_id=8845"},"modified":"2022-01-13T13:40:25","modified_gmt":"2022-01-13T13:40:25","slug":"zer-da","status":"publish","type":"page","link":"https:\/\/www.andoaindarraeuskaraz.eus\/es\/campanas\/que-no-nos-falte-el-pan-y-tampoco-el-euskera\/que-es\/","title":{"rendered":"\u00bfqu\u00e9 es?"},"content":{"rendered":"<p>Dentro de las cel<a href=\"https:\/\/www.andoaindarraeuskaraz.eus\/wp-content\/uploads\/2022\/01\/irudi-nagusia-testua.jpg\"><img loading=\"lazy\" class=\"wp-image-8838 alignleft\" src=\"https:\/\/www.andoaindarraeuskaraz.eus\/wp-content\/uploads\/2022\/01\/irudi-nagusia-testua.jpg\" alt=\"\" width=\"535\" height=\"437\" srcset=\"https:\/\/www.andoaindarraeuskaraz.eus\/wp-content\/uploads\/2022\/01\/irudi-nagusia-testua.jpg 1000w, https:\/\/www.andoaindarraeuskaraz.eus\/wp-content\/uploads\/2022\/01\/irudi-nagusia-testua-300x245.jpg 300w, https:\/\/www.andoaindarraeuskaraz.eus\/wp-content\/uploads\/2022\/01\/irudi-nagusia-testua-768x627.jpg 768w\" sizes=\"(max-width: 535px) 100vw, 535px\" \/><\/a>ebraciones en torno al D\u00eda Internacional del Euskera en 2021, y sum\u00e1ndonos a los objetivos de la campa\u00f1a <em>Haurren aurrean helduok heldu<\/em>, promovida por Topagunea, \u00a0el Ayuntamiento de Andoain junto al medio de comunicaci\u00f3n Aiurri, a la Escuela Infantil Galardi,\u00a0 y a los centros escolares Ondarreta, La Salle-Berrozpe y Aita Larramendi Ikastola, desarrollar\u00e1 la campa\u00f1a OGIA EZ DADILA FALTA\u2026 EZTA EUSKARA ERE! durante la semana del 13 de diciembre.<\/p>\n<p>Son muchas las lenguas que conviven en nuestro municipio, y muestra de ello son nuestros centros escolares. Tomando como base la lengua de cada una, nuestra intenci\u00f3n es invitar a las familias de Andoain para que ellas tambi\u00e9n asuman su papel protagonista en la transmisi\u00f3n del euskera. Con este fin cada alumna y alumno de Ense\u00f1anza Infantil y Primaria recibir\u00e1 a lo largo de esta semana un folleto informativo junto con un peque\u00f1o bollo de pan, para que lo lleven a casa y compartan ambos en familia. Utilizamos el simbolismo del pan, un alimento de todos los d\u00edas, para asimililarlo al euskera, una lengua que tambi\u00e9n se usa en el d\u00eda a d\u00eda.<\/p>\n<p>En el folleto informativo, que se puede colocar a la vista en la pared de casa, en el frigo, o donde mejor se estime, se explica la importancia de la transmisi\u00f3n del euskera, al mismo tiempo que se ofrecen algunos consejos en euskera, castellano, ingl\u00e9s y \u00e1rabe para facilitar dicha transmisi\u00f3n. De igual manera, tiene un peque\u00f1o calendario, de enero a junio, y en cada mes se propone que la familia decida un RETO. El reto, por supuesto, responder\u00e1 al nivel de conocimiento de euskera que la familia tenga. As\u00ed, para una familia vascoparlante uno de los retos podr\u00eda ser hablar en euskera con todas las personas que\u00a0 lo sepan, mientras que para otra que no tenga ning\u00fan conocimiento de euskera uno de los retos podr\u00eda ser ver una pel\u00edcula en euskera\u2026 Estos retos ofrecer\u00e1n la oportunidad de hablar acerca del euskera y su uso, mes a mes,\u00a0 tanto en el aula como en casa.<\/p>\n<p>&nbsp;<\/p>\n<p>&nbsp;<\/p>","protected":false},"excerpt":{"rendered":"<p>Dentro de las celebraciones en torno al D\u00eda Internacional del Euskera en 2021, y sum\u00e1ndonos a los objetivos de la campa\u00f1a Haurren aurrean helduok heldu, promovida por Topagunea, \u00a0el Ayuntamiento de Andoain junto al medio de comunicaci\u00f3n Aiurri, a la Escuela Infantil Galardi,\u00a0 y a los centros escolares Ondarreta, La Salle-Berrozpe y Aita Larramendi Ikastola,&#8230; <\/p>\n<div class=\"clear\"><\/div>\n<p><a href=\"https:\/\/www.andoaindarraeuskaraz.eus\/es\/campanas\/que-no-nos-falte-el-pan-y-tampoco-el-euskera\/que-es\/\" class=\"excerpt-read-more\">Read More<i class=\"fa fa-caret-right icon-caret-right\"><\/i><\/a><\/p>\n","protected":false},"author":1,"featured_media":0,"parent":8843,"menu_order":2,"comment_status":"closed","ping_status":"closed","template":"","meta":[],"_links":{"self":[{"href":"https:\/\/www.andoaindarraeuskaraz.eus\/es\/wp-json\/wp\/v2\/pages\/8845"}],"collection":[{"href":"https:\/\/www.andoaindarraeuskaraz.eus\/es\/wp-json\/wp\/v2\/pages"}],"about":[{"href":"https:\/\/www.andoaindarraeuskaraz.eus\/es\/wp-json\/wp\/v2\/types\/page"}],"author":[{"embeddable":true,"href":"https:\/\/www.andoaindarraeuskaraz.eus\/es\/wp-json\/wp\/v2\/users\/1"}],"replies":[{"embeddable":true,"href":"https:\/\/www.andoaindarraeuskaraz.eus\/es\/wp-json\/wp\/v2\/comments?post=8845"}],"version-history":[{"count":2,"href":"https:\/\/www.andoaindarraeuskaraz.eus\/es\/wp-json\/wp\/v2\/pages\/8845\/revisions"}],"predecessor-version":[{"id":8855,"href":"https:\/\/www.andoaindarraeuskaraz.eus\/es\/wp-json\/wp\/v2\/pages\/8845\/revisions\/8855"}],"up":[{"embeddable":true,"href":"https:\/\/www.andoaindarraeuskaraz.eus\/es\/wp-json\/wp\/v2\/pages\/8843"}],"wp:attachment":[{"href":"https:\/\/www.andoaindarraeuskaraz.eus\/es\/wp-json\/wp\/v2\/media?parent=8845"}],"curies":[{"name":"wp","href":"https:\/\/api.w.org\/{rel}","templated":true}]}}