{"id":9551,"date":"2023-04-03T11:42:57","date_gmt":"2023-04-03T11:42:57","guid":{"rendered":"https:\/\/www.andoaindarraeuskaraz.eus\/?page_id=9551"},"modified":"2025-04-15T06:32:19","modified_gmt":"2025-04-15T06:32:19","slug":"udalerriz-gaindiko-eremuetako-erakundeak","status":"publish","type":"page","link":"https:\/\/www.andoaindarraeuskaraz.eus\/es\/ayudas-economicas\/para-entidades-supramunicipales\/","title":{"rendered":"Para entidades supramunicipales"},"content":{"rendered":"<p><\/p>\n<h4><a href=\"https:\/\/www.andoaindarraeuskaraz.eus\/wp-content\/uploads\/2025\/04\/BesteDirulag_DEI_2025.pdf\">Convocatoria 2025<\/a><\/h4>\n<p><strong>SUBVENCIONES A ENTIDADES QUE PROMUEVAN EL EUSKERA EN \u00c1MBITOS SUPRAMUNICIPALES<\/strong><\/p>\n<p><strong>Objeto:<\/strong> El Ayuntamiento de Andoain conceder\u00e1 subvenciones a entidades de \u00e1mbito supramunicipal que est\u00e9n trabajando en la promoci\u00f3n del euskera para implementar medidas\u00a0 en los \u00e1mbitos que incidan en la normalizaci\u00f3n del euskera.<\/p>\n<div class=\"gdlr-shortcode-wrapper\"><div class=\"gdlr-item gdlr-accordion-item style-1\"  ><div class=\"accordion-tab\" ><h4 class=\"accordion-title\" ><i class=\"icon-plus\" ><\/i><span>REQUISITOS<\/span><\/h4><div class=\"accordion-content\"><\/p>\n<ul>\n<li>Promoci\u00f3n del euskera en \u00e1mbitos supramunicipales.<\/li>\n<li>Implementaci\u00f3n de medidas en los \u00e1mbitos que incidan en la normalizaci\u00f3n del euskera.<\/li>\n<li>Presentar la solicitud antes del 30 de junio.<\/li>\n<\/ul>\n<p>\n<\/div><\/div><div class=\"accordion-tab\" ><h4 class=\"accordion-title\" ><i class=\"icon-plus\" ><\/i><span>SOLICITUDES<\/span><\/h4><div class=\"accordion-content\"><\/p>\n<ul>\n<li><a href=\"https:\/\/www.andoaindarraeuskaraz.eus\/wp-content\/uploads\/2025\/04\/ESKA_udalerrizgaindi_EUS.doc\"><strong>Solicitud cumplimentada<\/strong><\/a>.<\/li>\n<li>Escrito de solicitud o informe.<\/li>\n<li>Declaraci\u00f3n Que acredite que la subvenci\u00f3n concedida NO supera, individualmente o en concurrencia con otras subvenciones, ayudas, ingresos o recursos, el coste de la actividad subvencionada.<\/li>\n<\/ul>\n<p>\n<\/div><\/div><div class=\"accordion-tab\" ><h4 class=\"accordion-title\" ><i class=\"icon-plus\" ><\/i><span>SISTEMA DE PUNTUACI\u00d3N<\/span><\/h4><div class=\"accordion-content\"><p>.<\/p>\n<p>La cantidad total destinada al conjunto de los proyectos anuales se dividir\u00e1 entre la totalidad de los puntos obtenidos por las entidades en funci\u00f3n de su evaluaci\u00f3n y dar\u00e1 el valor econ\u00f3mico de cada punto.<\/p>\n<p>La cuant\u00eda de la subvenci\u00f3n a conceder vendr\u00e1 determinada por la multiplicaci\u00f3n del total de los puntos obtenidos por la entidad por el valor econ\u00f3mico de un punto.<\/p>\n<p>Los datos de los indicadores de valoraci\u00f3n se obtendr\u00e1n del EUSTAT y de otros organismos p\u00fablicos. Se valorar\u00e1n los \u00faltimos datos en vigor publicados en el a\u00f1o de concesi\u00f3n de la subvenci\u00f3n.<\/p>\n<p>Los indicadores de valoraci\u00f3n y su puntuaci\u00f3n son los siguientes:<\/p>\n<p>Situaci\u00f3n socioling\u00fc\u00edstica del \u00e1mbito de influencia de la entidad. Porcentaje de euskaldunes (euskaldunes + cuasi euskaldunes\/2) entre la poblaci\u00f3n:<\/p>\n<ul>\n<li>0-30,9%: 100 puntos<\/li>\n<li>31% 40,9%: 50 puntos<\/li>\n<li>41-60,9%: 20 puntos<\/li>\n<li>61-70,9%: 10 puntos<\/li>\n<li>71 a 100% 5 puntos<\/li>\n<\/ul>\n<p>N\u00famero de habitantes del \u00e1mbito de influencia de la entidad:<\/p>\n<ul>\n<li>2.500.000 o m\u00e1s = 80 puntos<\/li>\n<li>Entre 1.000.000 y 2.499.999 = 60 puntos<\/li>\n<li>Entre 500.000-999.999 = 40 puntos<\/li>\n<li>De 0 a999 = 20 puntos<\/li>\n<\/ul>\n<p>Desarrollo de la legislaci\u00f3n ling\u00fc\u00edstica en el \u00e1mbito administrativo correspondiente<\/p>\n<ul>\n<li>No existe legislaci\u00f3n = 100 puntos<\/li>\n<li>Legislaci\u00f3n parcial = 50 puntos<\/li>\n<li>Existe legislaci\u00f3n = 0 puntos<\/li>\n<\/ul>\n<p>Presentaci\u00f3n de la memoria del proyecto<\/p>\n<ul>\n<li>Presentada y completada = 50 puntos<\/li>\n<li>La ha presentado, pero es insuficiente = 10 puntos<\/li>\n<li>No presenta proyecto = 0 puntos<\/li>\n<\/ul>\n<p>\n<\/div><\/div><div class=\"accordion-tab\" ><h4 class=\"accordion-title\" ><i class=\"icon-plus\" ><\/i><span>CUANT\u00cdA DE LA SUBVENCI\u00d3N<\/span><\/h4><div class=\"accordion-content\"><p>.<\/p>\n<p>El ayuntamiento ha fijado la cantidad de 2.500 euros para las ayudas de este apartado en el ejercicio de 2025. A cada solicitud admitida se le otorgar\u00e1 la subvenci\u00f3n en funci\u00f3n de la puntuaci\u00f3n obtenida por el sistema de puntuaci\u00f3n del <strong>art\u00edculo 30 <\/strong>de esta convocatoria.<\/p>\n<p>\n<\/div><\/div><\/div><\/div>\n<p>&nbsp;<\/p>","protected":false},"excerpt":{"rendered":"<p>Convocatoria 2025 SUBVENCIONES A ENTIDADES QUE PROMUEVAN EL EUSKERA EN \u00c1MBITOS SUPRAMUNICIPALES Objeto: El Ayuntamiento de Andoain conceder\u00e1 subvenciones a entidades de \u00e1mbito supramunicipal que est\u00e9n trabajando en la promoci\u00f3n del euskera para implementar medidas\u00a0 en los \u00e1mbitos que incidan en la normalizaci\u00f3n del euskera. &nbsp;<\/p>\n","protected":false},"author":1,"featured_media":0,"parent":4485,"menu_order":0,"comment_status":"closed","ping_status":"closed","template":"","meta":[],"_links":{"self":[{"href":"https:\/\/www.andoaindarraeuskaraz.eus\/es\/wp-json\/wp\/v2\/pages\/9551"}],"collection":[{"href":"https:\/\/www.andoaindarraeuskaraz.eus\/es\/wp-json\/wp\/v2\/pages"}],"about":[{"href":"https:\/\/www.andoaindarraeuskaraz.eus\/es\/wp-json\/wp\/v2\/types\/page"}],"author":[{"embeddable":true,"href":"https:\/\/www.andoaindarraeuskaraz.eus\/es\/wp-json\/wp\/v2\/users\/1"}],"replies":[{"embeddable":true,"href":"https:\/\/www.andoaindarraeuskaraz.eus\/es\/wp-json\/wp\/v2\/comments?post=9551"}],"version-history":[{"count":10,"href":"https:\/\/www.andoaindarraeuskaraz.eus\/es\/wp-json\/wp\/v2\/pages\/9551\/revisions"}],"predecessor-version":[{"id":10458,"href":"https:\/\/www.andoaindarraeuskaraz.eus\/es\/wp-json\/wp\/v2\/pages\/9551\/revisions\/10458"}],"up":[{"embeddable":true,"href":"https:\/\/www.andoaindarraeuskaraz.eus\/es\/wp-json\/wp\/v2\/pages\/4485"}],"wp:attachment":[{"href":"https:\/\/www.andoaindarraeuskaraz.eus\/es\/wp-json\/wp\/v2\/media?parent=9551"}],"curies":[{"name":"wp","href":"https:\/\/api.w.org\/{rel}","templated":true}]}}