{"id":9744,"date":"2023-09-07T06:47:55","date_gmt":"2023-09-07T06:47:55","guid":{"rendered":"https:\/\/www.andoaindarraeuskaraz.eus\/?page_id=9744"},"modified":"2026-02-23T13:44:03","modified_gmt":"2026-02-23T13:44:03","slug":"2023-24-ikasturterako-dirulaguntzak","status":"publish","type":"page","link":"https:\/\/www.andoaindarraeuskaraz.eus\/es\/ayudas-economicas\/aprender-euskera\/ayudas-curso-2023-24\/","title":{"rendered":"Ayudas curso 2025-26"},"content":{"rendered":"<p><\/p>\n<h2><strong>CURSO 2025-26<\/strong><\/h2>\n<p><strong>Publicada la CONVOCATORIA de ayudas para el curso 2025-2026 <a href=\"https:\/\/www.andoaindarraeuskaraz.eus\/wp-content\/uploads\/2026\/02\/EuskaraIkastekoDIRULAG_2025_26.pdf\">ikusi<\/a><\/strong><\/p>\n<p><strong><em>SOLICITANTES<\/em><\/strong><\/p>\n<ul>\n<li>Personas mayores de 16 a\u00f1os, a la fecha de finalizaci\u00f3n del curso para el que se solicita la subvenci\u00f3n.<\/li>\n<li>Estar empadronada en Andoain a la fecha de solicitud de la ayuda.<\/li>\n<\/ul>\n<p><strong><em>CONDICIONES<\/em><\/strong><\/p>\n<ul>\n<li>Acreditar una asistencia m\u00ednima del 75%.<\/li>\n<li>No tener acceso a las subvenciones que ofrece HABE para el curso 2025-26, o que dicha subvenci\u00f3n no llegue a cubrir el costo total del curso. En este caso la persona interesada podr\u00e1 solicitar ayuda al Ayuntamiento por la cantidad que le falta, siempre hasta las siguientes cantidades m\u00e1ximas:\n<ul>\n<li style=\"list-style-type: none;\">\n<ul>\n<li>La cantidad m\u00e1xima que una persona puede percibir en el curso 2025-2026, tanto en cursos presenciales como en autoaprendizaje, ser\u00e1 de 1.200 \u20ac., salvo en el caso del alumnado del nivel C2, que podr\u00e1n recibir una ayuda m\u00e1xima de 700 \u20ac.<\/li>\n<li>Cantidad m\u00e1xima de ayuda por persona y curso en gastos de alojamiento en internados: 400 \u20ac.<\/li>\n<\/ul>\n<\/li>\n<\/ul>\n<\/li>\n<\/ul>\n<p><strong>SOLICITUDES\u00a0 (<a href=\"https:\/\/www.andoaindarraeuskaraz.eus\/wp-content\/uploads\/2026\/02\/Inprimakia_elebietan.pdf\">IMPRESO<\/a>)<\/strong><\/p>\n<p><strong>1 GRUPO: cursos que se inician a partir del 1 de octubre de 2025, y finalizan entre el 1 de marzo y el 30 de junio de 2026<\/strong>:<\/p>\n<p>Presentaci\u00f3n de solicitudes: <strong>del 1 al 30 de junio.<\/strong><\/p>\n<p>Publicaci\u00f3n de la resoluci\u00f3n provisional en la web: <strong>16 de julio<\/strong><\/p>\n<p>Publicaci\u00f3n de la resoluci\u00f3n definitiva en la web: <strong>3 de SEPTIEMBRE<\/strong><\/p>\n<p><strong>2 GRUPO: cursos que se inician a partir del 1 de octubre de 2025, y finalizan antes del 1 de marzo de 2026.<\/strong><\/p>\n<p>Presentaci\u00f3n de solicitudes: <strong>del 18 de febrero al 18 de marzo.<\/strong><\/p>\n<p>Publicaci\u00f3n de la resoluci\u00f3n provisional en la web: <strong>31 de marzo.<\/strong><\/p>\n<p>Publicaci\u00f3n de la resoluci\u00f3n definitiva en la web: <strong>27 de ABRIL.<\/strong><\/p>\n<p>3 <strong>GRUPO: cursos que se inician a partir del 1 de junio de 2026, y finalizan antes del 1 de octubre de 2026<\/strong>.<\/p>\n<p>Presentaci\u00f3n de solicitudes: <strong>del 30 de junio al 1 de octubre<\/strong><\/p>\n<p>Publicaci\u00f3n de la resoluci\u00f3n provisional en la web: <strong>15 de octubre<\/strong><\/p>\n<p>Publicaci\u00f3n de la resoluci\u00f3n definitiva en la web: <strong>9 de NOVIEMBRE<\/strong><\/p>\n<p>4. <strong>GRUPO: para el alumnado que, habiendo obtenido la ayuda de HABE para el curso 2025-26 no haya llegado al porcentaje asignado por esta convocatoria:<\/strong><\/p>\n<p>Presentaci\u00f3n de solicitudes: <strong>del 21 de octubre al 3 de noviembre<\/strong><\/p>\n<p>Publicaci\u00f3n de la resoluci\u00f3n provisional en la web: <strong>11 de noviembre<\/strong><\/p>\n<p>Publicaci\u00f3n de la resoluci\u00f3n definitiva en la web: <strong>10 de DICIEMBRE<\/strong><\/p>\n<p>Tanto las resoluciones provisionales como las definitivas se publicar\u00e1n en la p\u00e1gina web del Servicio de Euskera del Ayuntamiento de Andoain (<a href=\"https:\/\/www.andoaindarraeuskaraz.eus\/\">https:\/\/www.andoaindarraeuskaraz.eus\/<\/a>.<\/p>\n<p>El ayuntamiento de Andoain consultar\u00e1 directamente los datos necesarios, salvo que la persona interesada se opusiera a ello.<\/p>\n<p><strong>AYUDAS ORDINARIAS<\/strong><\/p>\n<p>La subvenci\u00f3n ordinaria para el curso 2025-26 ser\u00e1 como m\u00e1ximo del <strong>100%<\/strong> de la matr\u00edcula del curso.<\/p>\n<p>Respecto a los gastos de alojamiento en internados, el Ayuntamiento subvencionar\u00e1 como m\u00e1ximo el 50%.<\/p>\n<p><strong>Se establecen las siguientes cantidades m\u00e1ximas para las ayudas del curso 2025-2026: <\/strong><\/p>\n<ul>\n<li><strong>La cantidad m\u00e1xima que una persona puede percibir en el curso ser\u00e1 de 1.200 \u20ac, salvo en el caso del alumnado del nivel C2, que podr\u00e1 recibir una ayuda m\u00e1xima de 700 \u20ac.<\/strong><\/li>\n<li><strong>Cantidad m\u00e1xima de ayuda por persona y curso en gastos de alojamiento en internados: 400 \u20ac.<\/strong><\/li>\n<\/ul>\n<p>En el caso de que la ayuda concedida por HABE no llegue a cubrir el coste total de la matr\u00edcula, se podr\u00e1 solicitar ayuda al Ayuntamiento para llegar a cubrir dicho coste, siempre dentro de las cantidades m\u00e1ximas que se recogen en esta convocatoria.<\/p>\n<p><strong>ANTICIPO DE LA AYUDA<\/strong><\/p>\n<p>Personas que cumplan alguno de los siguientes requisitos:<\/p>\n<ul>\n<li>Que el promedio de ingresos brutos por cada miembro de la unidad familiar no supere el SMI x 12 euros. Se entiende por unidad familiar la totalidad de las personas que conviven en el domicilio habitual, para lo cual se tendr\u00e1n en cuenta los datos del padr\u00f3n municipal de habitantes. Los solicitantes de ayudas econ\u00f3micas mayores de 30 a\u00f1os que convivan con sus progenitores ser\u00e1n considerados por el Ayuntamiento como unidad convivencial unipersonal. Tampoco se considerar\u00e1n miembros computables de la unidad convivencial los hermanos o hermanas mayores de 30 a\u00f1os de la persona solicitante que convivan con sus progenitores.<\/li>\n<li>El alumnado de los niveles A1 y A2 que se acoja a las ayudas de HABE recogidas en la resoluci\u00f3n de dicha entidad del 3 de septiembre de 2025.<\/li>\n<li>El alumnado que participa en los grupos para madres y padres de niveles A1 y A2 organizados dentro del programa Euskara Familian.<\/li>\n<\/ul>\n<p>El Ayuntamiento exigir\u00e1 la devoluci\u00f3n del importe de la \u00a0matr\u00edcula anticipada a quienes no hayan cumplido con un m\u00ednimo del 75% de asistencia. El reintegro deber\u00e1 realizarse en el plazo de dos meses, dado que, de lo contrario, no podr\u00e1 solicitar ayuda en los dos cursos siguientes.<\/p>\n<p>&nbsp;<\/p>\n<p><strong>\u00bfD\u00f3nde y c\u00f3mo solicitar la subvenci\u00f3n?<\/strong><\/p>\n<p>Presencial:<br \/>\nATARIA &#8211; Servicio de Atenci\u00f3n al Ciudadano (pta. baja del ayuntamiento)<br \/>\nGoikoplaza z\/g 20140 Andoain<br \/>\n8:00 &#8211; 14:30 (8:00 &#8211; 14:00 en verano)<br \/>\nTf.: 943 300 830<\/p>\n<p>Por internet:<br \/>\n<a href=\"https:\/\/uzt.gipuzkoa.eus\/home.do?De=CA0090101\">Servicios Telem\u00e1ticos:<\/a><br \/>\nTambi\u00e9n pueden ser presentados en los registros de entrada de la Diputaci\u00f3n Foral de Gipuzkoa y del Gobierno Vasco y en las oficinas de correos.<\/p>\n<p><strong>EUSKALTEGIS EN ANDOAIN:<\/strong><br \/>\n<strong>Andoaingo AEK<\/strong><br \/>\nPlazaola, 2 &#8211; trasera<br \/>\n<strong>Tf.:<\/strong> 943 591 704 &#8211; <strong>web<\/strong>: <a href=\"http:\/\/www.aek.org\/\">www.aek.eus<\/a> &#8211; <strong>e-posta:<\/strong> andoain@aek.eus<\/p>\n<p><strong>IMPRESOS<\/strong><\/p>\n<p><a href=\"https:\/\/www.andoaindarraeuskaraz.eus\/wp-content\/uploads\/2026\/02\/Inprimakia_elebietan.pdf\"><strong>Solicitud de subvenci\u00f3n<\/strong><\/a><\/p>\n<p><strong>Andoaingo Udalak 2022ko uztailaren 22an hasierako onarpena eman zion <\/strong><strong>Ordenantzari eta 2025eko martxoaren 18an argitaratu egin zen GAOn onartutako azken aldaketekin. (<a href=\"https:\/\/www.andoaindarraeuskaraz.eus\/wp-content\/uploads\/2025\/04\/2025_03_18.pdf\">Ver texto de la Ordenanza<\/a>)<\/strong><\/p>\n<p><strong>\u00a0<\/strong><\/p>\n<p><strong>\u00a0<\/strong><\/p>\n<p><strong>\u00a0<\/strong><\/p>\n<p><strong>\u00a0<\/strong><\/p>\n<p><strong>\u00a0<\/strong><\/p>\n<p><strong>\u00a0<\/strong><\/p>\n<p><strong>\u00a0<\/strong><\/p>\n<p><strong>\u00a0<\/strong><\/p>\n<p><strong>\u00a0<\/strong><\/p>\n<p><strong>\u00a0<\/strong><\/p>\n<p><strong>\u00a0<\/strong><\/p>\n<p><strong>\u00a0<\/strong><\/p>\n<p><strong>\u00a0<\/strong><\/p>\n<p><strong>CURSO 2024-25<\/strong><\/p>\n<p><strong>Publicada la CONVOCATORIA de ayudas para el curso 2024-2025 <a href=\"https:\/\/www.andoaindarraeuskaraz.eus\/wp-content\/uploads\/2025\/04\/Iragarkia.pdf\">ikusi<\/a><\/strong><\/p>\n<p><strong><em>SOLICITANTES<\/em><\/strong><\/p>\n<ul>\n<li>Personas mayores de 16 a\u00f1os, a la fecha de finalizaci\u00f3n del curso para el que se solicita la subvenci\u00f3n.<\/li>\n<li>Estar empadronada en Andoain a la fecha de solicitud de la ayuda.<\/li>\n<\/ul>\n<p><strong><em>CONDICIONES<\/em><\/strong><\/p>\n<ul>\n<li>Acreditar una asistencia m\u00ednima del 75%.<\/li>\n<li>No tener acceso a las subvenciones que ofrece HABE para el curso 2024-25, o que dicha subvenci\u00f3n no llegue a cubrir el costo total del curso. En este caso la persona interesada podr\u00e1 solicitar ayuda al Ayuntamiento por la cantidad que le falta, siempre hasta las siguientes cantidades m\u00e1ximas:\n<ul>\n<li style=\"list-style-type: none;\">\n<ul>\n<li>La cantidad m\u00e1xima que una persona puede percibir en el curso 2024-2025, tanto en cursos presenciales como en autoaprendizaje, ser\u00e1 de 1.200 \u20ac., salvo en el caso del alumnado del nivel C2, que podr\u00e1n recibir una ayuda m\u00e1xima de 700 \u20ac.<\/li>\n<li>Cantidad m\u00e1xima de ayuda por persona y curso en gastos de alojamiento en internados: 400 \u20ac.<\/li>\n<\/ul>\n<\/li>\n<\/ul>\n<\/li>\n<\/ul>\n<p><strong>SOLICITUDES\u00a0 (<a href=\"https:\/\/www.andoaindarraeuskaraz.eus\/wp-content\/uploads\/2025\/04\/ESKAERA_euskaraikasteko_BIETAN.doc\">IMPRESO<\/a>)<\/strong><\/p>\n<p><strong>1 GRUPO: cursos que se inician a partir del 1 de octubre de 2024, y finalizan entre el 1 de marzo y el 30 de junio de 2025<\/strong>:<\/p>\n<p>Presentaci\u00f3n de solicitudes: <strong>antes del 30 de junio.<\/strong><\/p>\n<p>Publicaci\u00f3n de la resoluci\u00f3n provisional en la web: <strong>16 de julio<\/strong><\/p>\n<p>Publicaci\u00f3n de la resoluci\u00f3n definitiva en la web: <strong>3 de SEPTIEMBRE<\/strong><\/p>\n<p><strong>2 GRUPO: cursos que se inician a partir del 1 de octubre de 2024, y finalizan antes del 1 de marzo de 2025.<\/strong><\/p>\n<p>Presentaci\u00f3n de solicitudes: <strong>antes del 30 de abril.<\/strong><\/p>\n<p>Publicaci\u00f3n de la resoluci\u00f3n provisional en la web: <strong>8 de mayo.<\/strong><\/p>\n<p>Publicaci\u00f3n de la resoluci\u00f3n definitiva en la web: <strong>5 de JUNIO<\/strong><\/p>\n<p>3 <strong>GRUPO: cursos que se inician a partir del 1 de junio de 2025, y finalizan antes del 1 de octubre de 2025<\/strong>.<\/p>\n<p>Presentaci\u00f3n de solicitudes: <strong>del 30 de junio al 1 de octubre<\/strong><\/p>\n<p>Publicaci\u00f3n de la resoluci\u00f3n provisional en la web: <strong>15 de octubre<\/strong><\/p>\n<p>Publicaci\u00f3n de la resoluci\u00f3n definitiva en la web: <strong>7 de NOVIEMBRE<\/strong><\/p>\n<p>4. <strong>GRUPO: para el alumnado que, habiendo obtenido la ayuda de HABE para el curso 2024-25 no haya llegado al porcentaje asignado por esta convocatoria:<\/strong><\/p>\n<p>Presentaci\u00f3n de solicitudes: <strong>del 22 de octubre al 2 de noviembre<\/strong><\/p>\n<p>Publicaci\u00f3n de la resoluci\u00f3n provisional en la web: <strong>10 de noviembre<\/strong><\/p>\n<p>Publicaci\u00f3n de la resoluci\u00f3n definitiva en la web: <strong>5 de DICIEMBRE<\/strong><\/p>\n<p>Tanto las resoluciones provisionales como las definitivas se publicar\u00e1n en la p\u00e1gina web del Servicio de Euskera del Ayuntamiento de Andoain (<a href=\"https:\/\/www.andoaindarraeuskaraz.eus\/\">https:\/\/www.andoaindarraeuskaraz.eus\/<\/a>.<\/p>\n<p>El ayuntamiento de Andoain consultar\u00e1 directamente los datos necesarios, salvo que la persona interesada se opusiera a ello.<\/p>\n<p><strong>AYUDAS ORDINARIAS<\/strong><\/p>\n<p>La subvenci\u00f3n ordinaria para el curso 2024-25 ser\u00e1 como m\u00e1ximo del <strong>100%<\/strong> de la matr\u00edcula del curso.<\/p>\n<p>Respecto a los gastos de alojamiento en internados, el Ayuntamiento subvencionar\u00e1 como m\u00e1ximo el 50%.<\/p>\n<p><strong>Se establecen las siguientes cantidades m\u00e1ximas para las ayudas del curso 2024-2025: <\/strong><\/p>\n<ul>\n<li><strong>La cantidad m\u00e1xima que una persona puede percibir en el curso ser\u00e1 de 1.200 \u20ac, salvo en el caso del alumnado del nivel C2, que podr\u00e1 recibir una ayuda m\u00e1xima de 700 \u20ac.<\/strong><\/li>\n<li><strong>Cantidad m\u00e1xima de ayuda por persona y curso en gastos de alojamiento en internados: 400 \u20ac.<\/strong><\/li>\n<\/ul>\n<p>En el caso de que la ayuda concedida por HABE no llegue a cubrir el coste total de la matr\u00edcula, se podr\u00e1 solicitar ayuda al Ayuntamiento para llegar a cubrir dicho coste, siempre dentro de las cantidades m\u00e1ximas que se recogen en esta convocatoria.<\/p>\n<p><strong>ANTICIPO DE LA AYUDA<\/strong><\/p>\n<p>Personas que cumplan alguno de los siguientes requisitos:<\/p>\n<ul>\n<li>Que el promedio de ingresos brutos por cada miembro de la unidad familiar no supere el SMI x 12 euros. Se entiende por unidad familiar la totalidad de las personas que conviven en el domicilio habitual, para lo cual se tendr\u00e1n en cuenta los datos del padr\u00f3n municipal de habitantes. Los solicitantes de ayudas econ\u00f3micas mayores de 30 a\u00f1os que convivan con sus progenitores ser\u00e1n considerados por el Ayuntamiento como unidad convivencial unipersonal. Tampoco se considerar\u00e1n miembros computables de la unidad convivencial los hermanos o hermanas mayores de 30 a\u00f1os de la persona solicitante que convivan con sus progenitores.<\/li>\n<li>El alumnado cuyo punto de inicio sea el nivel A0A0 o A1A0.<\/li>\n<\/ul>\n<p>El Ayuntamiento exigir\u00e1 la devoluci\u00f3n del importe de la \u00a0matr\u00edcula anticipada a quienes no hayan cumplido con un m\u00ednimo del 75% de asistencia. El reintegro deber\u00e1 realizarse en el plazo de dos meses, dado que, de lo contrario, no podr\u00e1 solicitar ayuda en los dos cursos siguientes.<\/p>\n<p>&nbsp;<\/p>\n<p><strong>\u00bfD\u00f3nde y c\u00f3mo solicitar la subvenci\u00f3n?<\/strong><\/p>\n<p>Presencial:<br \/>\nATARIA &#8211; Servicio de Atenci\u00f3n al Ciudadano (pta. baja del ayuntamiento)<br \/>\nGoikoplaza z\/g 20140 Andoain<br \/>\n8:00 &#8211; 14:30 (8:00 &#8211; 14:00 en verano)<br \/>\nTf.: 943 300 830<\/p>\n<p>Por internet:<br \/>\n<a href=\"https:\/\/uzt.gipuzkoa.eus\/home.do?De=CA0090101\">Servicios Telem\u00e1ticos:<\/a><br \/>\nTambi\u00e9n pueden ser presentados en los registros de entrada de la Diputaci\u00f3n Foral de Gipuzkoa y del Gobierno Vasco y en las oficinas de correos.<\/p>\n<p><strong>EUSKALTEGIS EN ANDOAIN:<\/strong><br \/>\n<strong>Andoaingo AEK<\/strong><br \/>\nPlazaola, 2 &#8211; trasera<br \/>\n<strong>Tf.:<\/strong> 943 591 704 &#8211; <strong>web<\/strong>: <a href=\"http:\/\/www.aek.org\/\">www.aek.eus<\/a> &#8211; <strong>e-posta:<\/strong> andoain@aek.eus<\/p>\n<p><strong>IMPRESOS<\/strong><\/p>\n<p><a href=\"https:\/\/www.andoaindarraeuskaraz.eus\/wp-content\/uploads\/2023\/01\/Dirulaguntza_eskabideaELEB.pdf\"><strong>Solicitud de subvenci\u00f3n<\/strong><\/a><\/p>\n<p><strong>Andoaingo Udalak 2022ko uztailaren 22an hasierako onarpena eman zion <\/strong><strong>Ordenantzari eta 2025eko martxoaren 18an argitaratu egin zen GAOn onartutako azken aldaketekin. (<a href=\"https:\/\/www.andoaindarraeuskaraz.eus\/wp-content\/uploads\/2025\/04\/2025_03_18.pdf\">Ver texto de la Ordenanza<\/a>)<\/strong><\/p>\n<p><strong>\u00a0<\/strong><\/p>\n<p><strong>\u00a0<\/strong><\/p>\n<p><strong>\u00a0<\/strong><\/p>\n<p><strong>\u00a0<\/strong><\/p>\n<p><strong>\u00a0<\/strong><\/p>\n<p><strong>\u00a0<\/strong><\/p>\n<p><strong>\u00a0<\/strong><\/p>\n<p><strong>\u00a0<\/strong><\/p>\n<p><strong>\u00a0<\/strong><\/p>\n<p><strong>\u00a0<\/strong><\/p>\n<p><strong>\u00a0<\/strong><\/p>\n<p><strong>\u00a0<\/strong><\/p>\n<p><strong>\u00a0<\/strong><\/p>","protected":false},"excerpt":{"rendered":"<p>CURSO 2025-26 Publicada la CONVOCATORIA de ayudas para el curso 2025-2026 ikusi SOLICITANTES Personas mayores de 16 a\u00f1os, a la fecha de finalizaci\u00f3n del curso para el que se solicita la subvenci\u00f3n. Estar empadronada en Andoain a la fecha de solicitud de la ayuda. CONDICIONES Acreditar una asistencia m\u00ednima del 75%. No tener acceso a&#8230; <\/p>\n<div class=\"clear\"><\/div>\n<p><a href=\"https:\/\/www.andoaindarraeuskaraz.eus\/es\/ayudas-economicas\/aprender-euskera\/ayudas-curso-2023-24\/\" class=\"excerpt-read-more\">Read More<i class=\"fa fa-caret-right icon-caret-right\"><\/i><\/a><\/p>\n","protected":false},"author":1,"featured_media":0,"parent":4757,"menu_order":1,"comment_status":"closed","ping_status":"closed","template":"","meta":[],"_links":{"self":[{"href":"https:\/\/www.andoaindarraeuskaraz.eus\/es\/wp-json\/wp\/v2\/pages\/9744"}],"collection":[{"href":"https:\/\/www.andoaindarraeuskaraz.eus\/es\/wp-json\/wp\/v2\/pages"}],"about":[{"href":"https:\/\/www.andoaindarraeuskaraz.eus\/es\/wp-json\/wp\/v2\/types\/page"}],"author":[{"embeddable":true,"href":"https:\/\/www.andoaindarraeuskaraz.eus\/es\/wp-json\/wp\/v2\/users\/1"}],"replies":[{"embeddable":true,"href":"https:\/\/www.andoaindarraeuskaraz.eus\/es\/wp-json\/wp\/v2\/comments?post=9744"}],"version-history":[{"count":10,"href":"https:\/\/www.andoaindarraeuskaraz.eus\/es\/wp-json\/wp\/v2\/pages\/9744\/revisions"}],"predecessor-version":[{"id":10674,"href":"https:\/\/www.andoaindarraeuskaraz.eus\/es\/wp-json\/wp\/v2\/pages\/9744\/revisions\/10674"}],"up":[{"embeddable":true,"href":"https:\/\/www.andoaindarraeuskaraz.eus\/es\/wp-json\/wp\/v2\/pages\/4757"}],"wp:attachment":[{"href":"https:\/\/www.andoaindarraeuskaraz.eus\/es\/wp-json\/wp\/v2\/media?parent=9744"}],"curies":[{"name":"wp","href":"https:\/\/api.w.org\/{rel}","templated":true}]}}